{"id":5039,"date":"2022-02-15T05:51:30","date_gmt":"2022-02-15T04:51:30","guid":{"rendered":"https:\/\/www.gunarashotel.hu\/?page_id=5039"},"modified":"2023-05-17T17:15:05","modified_gmt":"2023-05-17T15:15:05","slug":"ginop-4-1-4-19-2020-01663","status":"publish","type":"page","link":"https:\/\/www.gunarashotel.hu\/de\/palyazatok\/ginop-4-1-4-19-2020-01663\/","title":{"rendered":"GINOP-4.1.4-19-2020-01663"},"content":{"rendered":"<p><img fetchpriority=\"high\" decoding=\"async\" class=\"size-medium wp-image-5024 alignright\" src=\"https:\/\/www.gunarashotel.hu\/wp-content\/uploads\/2021\/12\/sz2020logo-300x208.jpg\" alt=\"Meg\u00fajul\u00f3 energia haszn\u00e1lat\u00e1val megval\u00f3sul\u00f3 \u00e9p\u00fcletenergetikai fejleszt\u00e9s a T-GASZTRO Kft. Domb\u00f3v\u00e1r T\u00f3 utca 3. alatti fi\u00f3ktelep\u00e9n\" width=\"300\" height=\"208\" srcset=\"https:\/\/www.gunarashotel.hu\/wp-content\/uploads\/2021\/12\/sz2020logo-300x208.jpg 300w, https:\/\/www.gunarashotel.hu\/wp-content\/uploads\/2021\/12\/sz2020logo.jpg 554w\" sizes=\"(max-width: 300px) 100vw, 300px\" \/><\/p>\n<p><b>Kedvezm\u00e9nyezett neve<\/b><span style=\"font-weight: 400;\">: T-GASZTRO Kft.<\/span><\/p>\n<p><b>Projekt c\u00edme:<\/b><span style=\"font-weight: 400;\"> Meg\u00fajul\u00f3 energia haszn\u00e1lat\u00e1val megval\u00f3sul\u00f3 \u00e9p\u00fcletenergetikai fejleszt\u00e9s a T-GASZTRO Kft. Domb\u00f3v\u00e1r T\u00f3 utca 3. alatti fi\u00f3ktelep\u00e9n<\/span><\/p>\n<p><b>T\u00e1mogat\u00e1s \u00f6sszege:<\/b><span style=\"font-weight: 400;\"> 33 240 900,- Ft<\/span><\/p>\n<p><b>T\u00e1mogat\u00e1s m\u00e9rt\u00e9ke:<\/b><span style=\"font-weight: 400;\"> 55 %<\/span><\/p>\n<p><b>Projekt kezdete<\/b><span style=\"font-weight: 400;\">: 2021.04.20.<\/span><\/p>\n<p><b>Projekt t\u00e9nyleges befejez\u00e9si d\u00e1tuma:<\/b><span style=\"font-weight: 400;\"> 2022.09.29.<\/span><\/p>\n<p><b>Projekt azonos\u00edt\u00f3 sz\u00e1ma:<\/b><span style=\"font-weight: 400;\"> GINOP-4.1.4-19-2020-01663<\/span><\/p>\n<p>&nbsp;<\/p>\n<p><b>A projekt tartalm\u00e1nak bemutat\u00e1sa:<\/b><\/p>\n<p>&nbsp;<\/p>\n<p><span style=\"font-weight: 400;\">A p\u00e1ly\u00e1zat m\u0171szaki tartalm\u00e1t k\u00e9pezi a v\u00e1llalkoz\u00e1s 7200 Domb\u00f3v\u00e1r, T\u00f3 utca 3 c\u00edm alatti fi\u00f3ktelep\u00e9nek energetikai korszer\u0171s\u00edt\u00e9se.\u00a0\u00a0<\/span><\/p>\n<p><span style=\"font-weight: 400;\">A fejleszt\u00e9s keret\u00e9ben a f\u00f6d\u00e9m, a homlokzat \u00e9s a l\u00e1bazat ut\u00f3lagos h\u0151szigetel\u00e9ssel lett ell\u00e1tva, a korszer\u0171tlenn\u00e9 v\u00e1lt ny\u00edl\u00e1sz\u00e1r\u00f3kat kicser\u00e9lt\u00e9k. A ny\u00edl\u00e1sz\u00e1r\u00f3k cser\u00e9je r\u00e9szlegesen val\u00f3sult meg, tekintettel arra, hogy p\u00e1r \u00e9ve be\u00e9p\u00edt\u00e9sre ker\u00fcltek m\u0171anyag ny\u00edl\u00e1sz\u00e1r\u00f3k. Mindemellett az \u00e1rny\u00e9kol\u00e1s is ki lett \u00e9p\u00edtve. A f\u0171t\u00e9skorszer\u0171s\u00edt\u00e9s keret\u00e9ben leveg\u0151-v\u00edz h\u0151szivatty\u00fa ker\u00fclt be\u00e9p\u00edt\u00e9sre, melyhez fan-coil berendez\u00e9sek lettek be\u00e9p\u00edtve. Az \u00e9p\u00fcletben melegvizes (80\/60\u00b0C) g\u00e1z\u00fczem\u0171 kaz\u00e1n \u00e1ltal k\u00f6zponti f\u0171t\u00e9s\u0171 rendszerben kialak\u00edtott oszt\u00f3-gy\u0171jt\u0151r\u0151l egyenk\u00e9nt le\u00e1gaztatva az al\u00e1bbi h\u0151fogyaszt\u00f3kat l\u00e1tj\u00e1k el: 1. f\u0171t\u00e9si k\u00f6r: HMV f\u0171t\u00e9si k\u00f6r, 2. f\u0171t\u00e9si k\u00f6r: Radi\u00e1toros f\u0171t\u00e9si k\u00f6r. Mindezek mellett az \u00e9p\u00fcletben energiapazarl\u00f3 f\u00e9nyforr\u00e1sok cser\u00e9j\u00e9t is elv\u00e9gezt\u00e9k. Az \u00e9p\u00fclet villamos energia ig\u00e9ny\u00e9nek ell\u00e1t\u00e1s\u00e1ra napelemes rendszer lett telep\u00edtve. Ezen tev\u00e9kenys\u00e9gek mindegyike az energiahat\u00e9konys\u00e1g fokoz\u00e1sa \u00e9rdek\u00e9ben ker\u00fclt a projektbe.\u00a0<\/span><\/p>\n<p><span style=\"font-weight: 400;\">A fejleszt\u00e9s megval\u00f3s\u00edt\u00e1s\u00e1val \u00f6sszess\u00e9g\u00e9ben a GG, azaz az \u00e1tlagos megk\u00f6zel\u00edt\u0151 besorol\u00e1s\u00fa \u00e9p\u00fclet BB, azaz korszer\u0171 energiaig\u00e9ny\u0171 besorol\u00e1s\u00fav\u00e1 v\u00e1lt, a beruh\u00e1z\u00e1s teh\u00e1t \u00f6nmag\u00e1ban is nagym\u00e9rt\u00e9kben hozz\u00e1j\u00e1rult az energiahat\u00e9konys\u00e1g javul\u00e1s\u00e1hoz, az \u00fcvegh\u00e1zhat\u00e1s\u00fa g\u00e1zok kibocs\u00e1t\u00e1s cs\u00f6kken\u00e9s\u00e9hez, a meg\u00fajul\u00f3 energi\u00e1t hasznos\u00edt\u00f3 berendez\u00e9sek pedig k\u00f6rnyezettudatos gondolkod\u00e1st k\u00f6zvet\u00edtenek a v\u00e1llalkoz\u00e1s k\u00f6rnyezete fel\u00e9.<\/span><\/p>","protected":false},"excerpt":{"rendered":"<p>Kedvezm\u00e9nyezett neve: T-GASZTRO Kft. Projekt c\u00edme: Meg\u00fajul\u00f3 energia haszn\u00e1lat\u00e1val megval\u00f3sul\u00f3 \u00e9p\u00fcletenergetikai fejleszt\u00e9s a T-GASZTRO Kft. Domb\u00f3v\u00e1r T\u00f3 utca 3. alatti fi\u00f3ktelep\u00e9n T\u00e1mogat\u00e1s \u00f6sszege: 33 240 900,- Ft T\u00e1mogat\u00e1s m\u00e9rt\u00e9ke: 55 % Projekt kezdete: 2021.04.20. Projekt t\u00e9nyleges befejez\u00e9si d\u00e1tuma: 2022.09.29. Projekt azonos\u00edt\u00f3 sz\u00e1ma: GINOP-4.1.4-19-2020-01663 &nbsp; A projekt tartalm\u00e1nak bemutat\u00e1sa: &nbsp; A p\u00e1ly\u00e1zat m\u0171szaki tartalm\u00e1t k\u00e9pezi a&#8230; <\/p>\n<div class=\"clear\"><\/div>\n<p><a href=\"https:\/\/www.gunarashotel.hu\/de\/palyazatok\/ginop-4-1-4-19-2020-01663\/\" class=\"excerpt-read-more\">Continue Reading<i class=\"fa fa-long-arrow-right icon-long-arrow-right\"><\/i><\/a><\/p>","protected":false},"author":1,"featured_media":0,"parent":5015,"menu_order":0,"comment_status":"closed","ping_status":"closed","template":"","meta":{"inline_featured_image":false,"footnotes":""},"class_list":["post-5039","page","type-page","status-publish","hentry"],"yoast_head":"<!-- This site is optimized with the Yoast SEO plugin v27.2 - https:\/\/yoast.com\/product\/yoast-seo-wordpress\/ -->\n<title>GINOP-4.1.4-19-2020-01663 - Hotel Eur\u00f3pa*** Gunaras<\/title>\n<meta name=\"robots\" content=\"index, follow, max-snippet:-1, max-image-preview:large, max-video-preview:-1\" \/>\n<link rel=\"canonical\" href=\"https:\/\/www.gunarashotel.hu\/de\/palyazatok\/ginop-4-1-4-19-2020-01663\/\" \/>\n<meta property=\"og:locale\" content=\"de_DE\" \/>\n<meta property=\"og:type\" content=\"article\" \/>\n<meta property=\"og:title\" content=\"GINOP-4.1.4-19-2020-01663 - Hotel Eur\u00f3pa*** Gunaras\" \/>\n<meta property=\"og:description\" content=\"Kedvezm\u00e9nyezett neve: T-GASZTRO Kft. Projekt c\u00edme: Meg\u00fajul\u00f3 energia haszn\u00e1lat\u00e1val megval\u00f3sul\u00f3 \u00e9p\u00fcletenergetikai fejleszt\u00e9s a T-GASZTRO Kft. Domb\u00f3v\u00e1r T\u00f3 utca 3. alatti fi\u00f3ktelep\u00e9n T\u00e1mogat\u00e1s \u00f6sszege: 33 240 900,- Ft T\u00e1mogat\u00e1s m\u00e9rt\u00e9ke: 55 % Projekt kezdete: 2021.04.20. Projekt t\u00e9nyleges befejez\u00e9si d\u00e1tuma: 2022.09.29. Projekt azonos\u00edt\u00f3 sz\u00e1ma: GINOP-4.1.4-19-2020-01663 &nbsp; A projekt tartalm\u00e1nak bemutat\u00e1sa: &nbsp; A p\u00e1ly\u00e1zat m\u0171szaki tartalm\u00e1t k\u00e9pezi a... Continue Reading\" \/>\n<meta property=\"og:url\" content=\"https:\/\/www.gunarashotel.hu\/de\/palyazatok\/ginop-4-1-4-19-2020-01663\/\" \/>\n<meta property=\"og:site_name\" content=\"Hotel Eur\u00f3pa*** Gunaras\" \/>\n<meta property=\"article:publisher\" content=\"https:\/\/www.facebook.com\/hotelgunaras\" \/>\n<meta property=\"article:modified_time\" content=\"2023-05-17T15:15:05+00:00\" \/>\n<meta property=\"og:image\" content=\"https:\/\/www.gunarashotel.hu\/wp-content\/uploads\/2021\/12\/sz2020logo-300x208.jpg\" \/>\n<meta name=\"twitter:card\" content=\"summary_large_image\" \/>\n<meta name=\"twitter:label1\" content=\"Gesch\u00e4tzte Lesezeit\" \/>\n\t<meta name=\"twitter:data1\" content=\"2\u00a0Minuten\" \/>\n<script type=\"application\/ld+json\" class=\"yoast-schema-graph\">{\"@context\":\"https:\/\/schema.org\",\"@graph\":[{\"@type\":\"WebPage\",\"@id\":\"https:\/\/www.gunarashotel.hu\/palyazatok\/ginop-4-1-4-19-2020-01663\/\",\"url\":\"https:\/\/www.gunarashotel.hu\/palyazatok\/ginop-4-1-4-19-2020-01663\/\",\"name\":\"GINOP-4.1.4-19-2020-01663 - Hotel Eur\u00f3pa*** Gunaras\",\"isPartOf\":{\"@id\":\"https:\/\/www.gunarashotel.hu\/#website\"},\"primaryImageOfPage\":{\"@id\":\"https:\/\/www.gunarashotel.hu\/palyazatok\/ginop-4-1-4-19-2020-01663\/#primaryimage\"},\"image\":{\"@id\":\"https:\/\/www.gunarashotel.hu\/palyazatok\/ginop-4-1-4-19-2020-01663\/#primaryimage\"},\"thumbnailUrl\":\"https:\/\/www.gunarashotel.hu\/wp-content\/uploads\/2021\/12\/sz2020logo-300x208.jpg\",\"datePublished\":\"2022-02-15T04:51:30+00:00\",\"dateModified\":\"2023-05-17T15:15:05+00:00\",\"breadcrumb\":{\"@id\":\"https:\/\/www.gunarashotel.hu\/palyazatok\/ginop-4-1-4-19-2020-01663\/#breadcrumb\"},\"inLanguage\":\"de\",\"potentialAction\":[{\"@type\":\"ReadAction\",\"target\":[\"https:\/\/www.gunarashotel.hu\/palyazatok\/ginop-4-1-4-19-2020-01663\/\"]}]},{\"@type\":\"ImageObject\",\"inLanguage\":\"de\",\"@id\":\"https:\/\/www.gunarashotel.hu\/palyazatok\/ginop-4-1-4-19-2020-01663\/#primaryimage\",\"url\":\"https:\/\/www.gunarashotel.hu\/wp-content\/uploads\/2021\/12\/sz2020logo-300x208.jpg\",\"contentUrl\":\"https:\/\/www.gunarashotel.hu\/wp-content\/uploads\/2021\/12\/sz2020logo-300x208.jpg\"},{\"@type\":\"BreadcrumbList\",\"@id\":\"https:\/\/www.gunarashotel.hu\/palyazatok\/ginop-4-1-4-19-2020-01663\/#breadcrumb\",\"itemListElement\":[{\"@type\":\"ListItem\",\"position\":1,\"name\":\"Home\",\"item\":\"https:\/\/www.gunarashotel.hu\/\"},{\"@type\":\"ListItem\",\"position\":2,\"name\":\"P\u00e1ly\u00e1zatok\",\"item\":\"https:\/\/www.gunarashotel.hu\/palyazatok\/\"},{\"@type\":\"ListItem\",\"position\":3,\"name\":\"GINOP-4.1.4-19-2020-01663\"}]},{\"@type\":\"WebSite\",\"@id\":\"https:\/\/www.gunarashotel.hu\/#website\",\"url\":\"https:\/\/www.gunarashotel.hu\/\",\"name\":\"Hotel Eur\u00f3pa*** Gunaras\",\"description\":\"pihen\u00e9s kedvez\u0151 \u00e1ron Domb\u00f3v\u00e1r-Gunaras gy\u00f3gyf\u00fcrd\u0151 mellett\",\"publisher\":{\"@id\":\"https:\/\/www.gunarashotel.hu\/#organization\"},\"potentialAction\":[{\"@type\":\"SearchAction\",\"target\":{\"@type\":\"EntryPoint\",\"urlTemplate\":\"https:\/\/www.gunarashotel.hu\/?s={search_term_string}\"},\"query-input\":{\"@type\":\"PropertyValueSpecification\",\"valueRequired\":true,\"valueName\":\"search_term_string\"}}],\"inLanguage\":\"de\"},{\"@type\":\"Organization\",\"@id\":\"https:\/\/www.gunarashotel.hu\/#organization\",\"name\":\"Hotel Eur\u00f3pa*** Gunaras\",\"url\":\"https:\/\/www.gunarashotel.hu\/\",\"logo\":{\"@type\":\"ImageObject\",\"inLanguage\":\"de\",\"@id\":\"https:\/\/www.gunarashotel.hu\/#\/schema\/logo\/image\/\",\"url\":\"https:\/\/www.gunarashotel.hu\/wp-content\/uploads\/2019\/10\/hotel-europa-logo.svg\",\"contentUrl\":\"https:\/\/www.gunarashotel.hu\/wp-content\/uploads\/2019\/10\/hotel-europa-logo.svg\",\"width\":1,\"height\":1,\"caption\":\"Hotel Eur\u00f3pa*** Gunaras\"},\"image\":{\"@id\":\"https:\/\/www.gunarashotel.hu\/#\/schema\/logo\/image\/\"},\"sameAs\":[\"https:\/\/www.facebook.com\/hotelgunaras\"]}]}<\/script>\n<!-- \/ Yoast SEO plugin. -->","yoast_head_json":{"title":"GINOP-4.1.4-19-2020-01663 - Hotel Eur\u00f3pa*** Gunaras","robots":{"index":"index","follow":"follow","max-snippet":"max-snippet:-1","max-image-preview":"max-image-preview:large","max-video-preview":"max-video-preview:-1"},"canonical":"https:\/\/www.gunarashotel.hu\/de\/palyazatok\/ginop-4-1-4-19-2020-01663\/","og_locale":"de_DE","og_type":"article","og_title":"GINOP-4.1.4-19-2020-01663 - Hotel Eur\u00f3pa*** Gunaras","og_description":"Kedvezm\u00e9nyezett neve: T-GASZTRO Kft. Projekt c\u00edme: Meg\u00fajul\u00f3 energia haszn\u00e1lat\u00e1val megval\u00f3sul\u00f3 \u00e9p\u00fcletenergetikai fejleszt\u00e9s a T-GASZTRO Kft. Domb\u00f3v\u00e1r T\u00f3 utca 3. alatti fi\u00f3ktelep\u00e9n T\u00e1mogat\u00e1s \u00f6sszege: 33 240 900,- Ft T\u00e1mogat\u00e1s m\u00e9rt\u00e9ke: 55 % Projekt kezdete: 2021.04.20. Projekt t\u00e9nyleges befejez\u00e9si d\u00e1tuma: 2022.09.29. Projekt azonos\u00edt\u00f3 sz\u00e1ma: GINOP-4.1.4-19-2020-01663 &nbsp; A projekt tartalm\u00e1nak bemutat\u00e1sa: &nbsp; A p\u00e1ly\u00e1zat m\u0171szaki tartalm\u00e1t k\u00e9pezi a... Continue Reading","og_url":"https:\/\/www.gunarashotel.hu\/de\/palyazatok\/ginop-4-1-4-19-2020-01663\/","og_site_name":"Hotel Eur\u00f3pa*** Gunaras","article_publisher":"https:\/\/www.facebook.com\/hotelgunaras","article_modified_time":"2023-05-17T15:15:05+00:00","og_image":[{"url":"https:\/\/www.gunarashotel.hu\/wp-content\/uploads\/2021\/12\/sz2020logo-300x208.jpg","type":"","width":"","height":""}],"twitter_card":"summary_large_image","twitter_misc":{"Gesch\u00e4tzte Lesezeit":"2\u00a0Minuten"},"schema":{"@context":"https:\/\/schema.org","@graph":[{"@type":"WebPage","@id":"https:\/\/www.gunarashotel.hu\/palyazatok\/ginop-4-1-4-19-2020-01663\/","url":"https:\/\/www.gunarashotel.hu\/palyazatok\/ginop-4-1-4-19-2020-01663\/","name":"GINOP-4.1.4-19-2020-01663 - Hotel Eur\u00f3pa*** Gunaras","isPartOf":{"@id":"https:\/\/www.gunarashotel.hu\/#website"},"primaryImageOfPage":{"@id":"https:\/\/www.gunarashotel.hu\/palyazatok\/ginop-4-1-4-19-2020-01663\/#primaryimage"},"image":{"@id":"https:\/\/www.gunarashotel.hu\/palyazatok\/ginop-4-1-4-19-2020-01663\/#primaryimage"},"thumbnailUrl":"https:\/\/www.gunarashotel.hu\/wp-content\/uploads\/2021\/12\/sz2020logo-300x208.jpg","datePublished":"2022-02-15T04:51:30+00:00","dateModified":"2023-05-17T15:15:05+00:00","breadcrumb":{"@id":"https:\/\/www.gunarashotel.hu\/palyazatok\/ginop-4-1-4-19-2020-01663\/#breadcrumb"},"inLanguage":"de","potentialAction":[{"@type":"ReadAction","target":["https:\/\/www.gunarashotel.hu\/palyazatok\/ginop-4-1-4-19-2020-01663\/"]}]},{"@type":"ImageObject","inLanguage":"de","@id":"https:\/\/www.gunarashotel.hu\/palyazatok\/ginop-4-1-4-19-2020-01663\/#primaryimage","url":"https:\/\/www.gunarashotel.hu\/wp-content\/uploads\/2021\/12\/sz2020logo-300x208.jpg","contentUrl":"https:\/\/www.gunarashotel.hu\/wp-content\/uploads\/2021\/12\/sz2020logo-300x208.jpg"},{"@type":"BreadcrumbList","@id":"https:\/\/www.gunarashotel.hu\/palyazatok\/ginop-4-1-4-19-2020-01663\/#breadcrumb","itemListElement":[{"@type":"ListItem","position":1,"name":"Home","item":"https:\/\/www.gunarashotel.hu\/"},{"@type":"ListItem","position":2,"name":"P\u00e1ly\u00e1zatok","item":"https:\/\/www.gunarashotel.hu\/palyazatok\/"},{"@type":"ListItem","position":3,"name":"GINOP-4.1.4-19-2020-01663"}]},{"@type":"WebSite","@id":"https:\/\/www.gunarashotel.hu\/#website","url":"https:\/\/www.gunarashotel.hu\/","name":"Hotel Eur\u00f3pa*** Gunaras","description":"pihen\u00e9s kedvez\u0151 \u00e1ron Domb\u00f3v\u00e1r-Gunaras gy\u00f3gyf\u00fcrd\u0151 mellett","publisher":{"@id":"https:\/\/www.gunarashotel.hu\/#organization"},"potentialAction":[{"@type":"SearchAction","target":{"@type":"EntryPoint","urlTemplate":"https:\/\/www.gunarashotel.hu\/?s={search_term_string}"},"query-input":{"@type":"PropertyValueSpecification","valueRequired":true,"valueName":"search_term_string"}}],"inLanguage":"de"},{"@type":"Organization","@id":"https:\/\/www.gunarashotel.hu\/#organization","name":"Hotel Eur\u00f3pa*** Gunaras","url":"https:\/\/www.gunarashotel.hu\/","logo":{"@type":"ImageObject","inLanguage":"de","@id":"https:\/\/www.gunarashotel.hu\/#\/schema\/logo\/image\/","url":"https:\/\/www.gunarashotel.hu\/wp-content\/uploads\/2019\/10\/hotel-europa-logo.svg","contentUrl":"https:\/\/www.gunarashotel.hu\/wp-content\/uploads\/2019\/10\/hotel-europa-logo.svg","width":1,"height":1,"caption":"Hotel Eur\u00f3pa*** Gunaras"},"image":{"@id":"https:\/\/www.gunarashotel.hu\/#\/schema\/logo\/image\/"},"sameAs":["https:\/\/www.facebook.com\/hotelgunaras"]}]}},"_links":{"self":[{"href":"https:\/\/www.gunarashotel.hu\/de\/wp-json\/wp\/v2\/pages\/5039","targetHints":{"allow":["GET"]}}],"collection":[{"href":"https:\/\/www.gunarashotel.hu\/de\/wp-json\/wp\/v2\/pages"}],"about":[{"href":"https:\/\/www.gunarashotel.hu\/de\/wp-json\/wp\/v2\/types\/page"}],"author":[{"embeddable":true,"href":"https:\/\/www.gunarashotel.hu\/de\/wp-json\/wp\/v2\/users\/1"}],"replies":[{"embeddable":true,"href":"https:\/\/www.gunarashotel.hu\/de\/wp-json\/wp\/v2\/comments?post=5039"}],"version-history":[{"count":4,"href":"https:\/\/www.gunarashotel.hu\/de\/wp-json\/wp\/v2\/pages\/5039\/revisions"}],"predecessor-version":[{"id":5305,"href":"https:\/\/www.gunarashotel.hu\/de\/wp-json\/wp\/v2\/pages\/5039\/revisions\/5305"}],"up":[{"embeddable":true,"href":"https:\/\/www.gunarashotel.hu\/de\/wp-json\/wp\/v2\/pages\/5015"}],"wp:attachment":[{"href":"https:\/\/www.gunarashotel.hu\/de\/wp-json\/wp\/v2\/media?parent=5039"}],"curies":[{"name":"wp","href":"https:\/\/api.w.org\/{rel}","templated":true}]}}