{"id":5046,"date":"2022-02-15T06:28:40","date_gmt":"2022-02-15T05:28:40","guid":{"rendered":"https:\/\/www.gunarashotel.hu\/?page_id=5046"},"modified":"2023-02-01T12:45:06","modified_gmt":"2023-02-01T11:45:06","slug":"ginop-4-1-4-19-2020-01224","status":"publish","type":"page","link":"https:\/\/www.gunarashotel.hu\/de\/palyazatok\/ginop-4-1-4-19-2020-01224\/","title":{"rendered":"GINOP-4.1.4-19-2020-01224"},"content":{"rendered":"<p><img fetchpriority=\"high\" decoding=\"async\" class=\"size-medium wp-image-5024 alignright\" src=\"https:\/\/www.gunarashotel.hu\/wp-content\/uploads\/2021\/12\/sz2020logo-300x208.jpg\" alt=\"Meg\u00fajul\u00f3 energia haszn\u00e1lat\u00e1val megval\u00f3sul\u00f3 \u00e9p\u00fcletenergetikai fejleszt\u00e9s a T-GASZTRO Kft. Domb\u00f3v\u00e1r T\u00f3 utca 3. alatti fi\u00f3ktelep\u00e9n\" width=\"300\" height=\"208\" srcset=\"https:\/\/www.gunarashotel.hu\/wp-content\/uploads\/2021\/12\/sz2020logo-300x208.jpg 300w, https:\/\/www.gunarashotel.hu\/wp-content\/uploads\/2021\/12\/sz2020logo.jpg 554w\" sizes=\"(max-width: 300px) 100vw, 300px\" \/><\/p>\n<p><strong>Kedvezm\u00e9nyezett neve<\/strong>: Gunaras Apartmanpark \u00e9s Gy\u00f3gykemping Korl\u00e1tolt Felel\u0151ss\u00e9g\u0171 T\u00e1rsas\u00e1g<\/p>\n<p><strong>Projekt c\u00edme:<\/strong> Meg\u00fajul\u00f3 energia haszn\u00e1lat\u00e1val megval\u00f3sul\u00f3 \u00e9p\u00fcletenergetikai fejleszt\u00e9s a Gunaras Apartmanpark Kft.-n\u00e9l<\/p>\n<p><strong>T\u00e1mogat\u00e1s \u00f6sszege:<\/strong> 25\u00a0239\u00a0668,- Ft<\/p>\n<p><strong>T\u00e1mogat\u00e1s m\u00e9rt\u00e9ke:<\/strong> 55%<\/p>\n<p><strong>Projekt kezdete<\/strong>: 2021.04.20.<\/p>\n<p><strong>Projekt t\u00e9nyleges befejez\u00e9si d\u00e1tuma:<\/strong> 2022.06.13.<\/p>\n<p><strong>Projekt azonos\u00edt\u00f3 sz\u00e1ma:<\/strong> GINOP-4.1.4-19-2020-01224<\/p>\n<p>&nbsp;<\/p>\n<p>&nbsp;<\/p>\n<p><strong>A projekt tartalm\u00e1nak bemutat\u00e1sa:<\/strong><\/p>\n<p>A p\u00e1ly\u00e1zat m\u0171szaki tartalm\u00e1t k\u00e9pezi a v\u00e1llalkoz\u00e1s 7200 Domb\u00f3v\u00e1r, T\u00f3 utca 5 c\u00edm alatti sz\u00e9khely\u00e9nek energetikai korszer\u0171s\u00edt\u00e9se.<\/p>\n<p>A fejleszt\u00e9s keret\u00e9ben a f\u00f6d\u00e9m, a homlokzat \u00e9s a l\u00e1bazat ut\u00f3lagos h\u0151szigetel\u00e9ssel lesz ell\u00e1tva, a korszer\u0171tlenn\u00e9 v\u00e1lt ny\u00edl\u00e1sz\u00e1r\u00f3kat kicser\u00e9lik. A ny\u00edl\u00e1sz\u00e1r\u00f3k cser\u00e9je r\u00e9szlegesen val\u00f3sul meg, tekintettel arra, hogy p\u00e1r \u00e9ve be\u00e9p\u00edt\u00e9sre ker\u00fcltek m\u0171anyag ny\u00edl\u00e1sz\u00e1r\u00f3k. Az \u00e9p\u00fcletek villamos energia ig\u00e9ny\u00e9nek ell\u00e1t\u00e1s\u00e1ra napelemes rendszer lesz telep\u00edtve. Ezen tev\u00e9kenys\u00e9gek mindegyike az energiahat\u00e9konys\u00e1g fokoz\u00e1sa \u00e9rdek\u00e9ben ker\u00fclt a projektbe.<\/p>\n<p>A fejleszt\u00e9s megval\u00f3s\u00edt\u00e1s\u00e1val \u00f6sszess\u00e9g\u00e9ben valamennyi \u00e9p\u00fclet (k\u00fcl\u00f6n-k\u00fcl\u00f6n) energetikai min\u0151s\u00e9g szerinti besorol\u00e1sa legal\u00e1bb k\u00e9t szintet javul, a beruh\u00e1z\u00e1s teh\u00e1t \u00f6nmag\u00e1ban is nagym\u00e9rt\u00e9kben hozz\u00e1j\u00e1rul az energiahat\u00e9konys\u00e1g javul\u00e1s\u00e1hoz, az \u00fcvegh\u00e1zhat\u00e1s\u00fa g\u00e1zok kibocs\u00e1t\u00e1s cs\u00f6kken\u00e9s\u00e9hez, a meg\u00fajul\u00f3 energi\u00e1t hasznos\u00edt\u00f3 berendez\u00e9sek pedig k\u00f6rnyezettudatos gondolkod\u00e1st k\u00f6zvet\u00edtenek a v\u00e1llalkoz\u00e1s k\u00f6rnyezete fel\u00e9.<\/p>","protected":false},"excerpt":{"rendered":"<p>Kedvezm\u00e9nyezett neve: Gunaras Apartmanpark \u00e9s Gy\u00f3gykemping Korl\u00e1tolt Felel\u0151ss\u00e9g\u0171 T\u00e1rsas\u00e1g Projekt c\u00edme: Meg\u00fajul\u00f3 energia haszn\u00e1lat\u00e1val megval\u00f3sul\u00f3 \u00e9p\u00fcletenergetikai fejleszt\u00e9s a Gunaras Apartmanpark Kft.-n\u00e9l T\u00e1mogat\u00e1s \u00f6sszege: 25\u00a0239\u00a0668,- Ft T\u00e1mogat\u00e1s m\u00e9rt\u00e9ke: 55% Projekt kezdete: 2021.04.20. Projekt t\u00e9nyleges befejez\u00e9si d\u00e1tuma: 2022.06.13. Projekt azonos\u00edt\u00f3 sz\u00e1ma: GINOP-4.1.4-19-2020-01224 &nbsp; &nbsp; A projekt tartalm\u00e1nak bemutat\u00e1sa: A p\u00e1ly\u00e1zat m\u0171szaki tartalm\u00e1t k\u00e9pezi a v\u00e1llalkoz\u00e1s 7200 Domb\u00f3v\u00e1r,&#8230; <\/p>\n<div class=\"clear\"><\/div>\n<p><a href=\"https:\/\/www.gunarashotel.hu\/de\/palyazatok\/ginop-4-1-4-19-2020-01224\/\" class=\"excerpt-read-more\">Continue Reading<i class=\"fa fa-long-arrow-right icon-long-arrow-right\"><\/i><\/a><\/p>","protected":false},"author":1,"featured_media":0,"parent":5015,"menu_order":0,"comment_status":"closed","ping_status":"closed","template":"","meta":{"inline_featured_image":false,"footnotes":""},"class_list":["post-5046","page","type-page","status-publish","hentry"],"yoast_head":"<!-- This site is optimized with the Yoast SEO plugin v27.2 - https:\/\/yoast.com\/product\/yoast-seo-wordpress\/ -->\n<title>GINOP-4.1.4-19-2020-01224 - Hotel Eur\u00f3pa*** Gunaras<\/title>\n<meta name=\"robots\" content=\"index, follow, max-snippet:-1, max-image-preview:large, max-video-preview:-1\" \/>\n<link rel=\"canonical\" href=\"https:\/\/www.gunarashotel.hu\/de\/palyazatok\/ginop-4-1-4-19-2020-01224\/\" \/>\n<meta property=\"og:locale\" content=\"de_DE\" \/>\n<meta property=\"og:type\" content=\"article\" \/>\n<meta property=\"og:title\" content=\"GINOP-4.1.4-19-2020-01224 - Hotel Eur\u00f3pa*** Gunaras\" \/>\n<meta property=\"og:description\" content=\"Kedvezm\u00e9nyezett neve: Gunaras Apartmanpark \u00e9s Gy\u00f3gykemping Korl\u00e1tolt Felel\u0151ss\u00e9g\u0171 T\u00e1rsas\u00e1g Projekt c\u00edme: Meg\u00fajul\u00f3 energia haszn\u00e1lat\u00e1val megval\u00f3sul\u00f3 \u00e9p\u00fcletenergetikai fejleszt\u00e9s a Gunaras Apartmanpark Kft.-n\u00e9l T\u00e1mogat\u00e1s \u00f6sszege: 25\u00a0239\u00a0668,- Ft T\u00e1mogat\u00e1s m\u00e9rt\u00e9ke: 55% Projekt kezdete: 2021.04.20. Projekt t\u00e9nyleges befejez\u00e9si d\u00e1tuma: 2022.06.13. Projekt azonos\u00edt\u00f3 sz\u00e1ma: GINOP-4.1.4-19-2020-01224 &nbsp; &nbsp; A projekt tartalm\u00e1nak bemutat\u00e1sa: A p\u00e1ly\u00e1zat m\u0171szaki tartalm\u00e1t k\u00e9pezi a v\u00e1llalkoz\u00e1s 7200 Domb\u00f3v\u00e1r,... Continue Reading\" \/>\n<meta property=\"og:url\" content=\"https:\/\/www.gunarashotel.hu\/de\/palyazatok\/ginop-4-1-4-19-2020-01224\/\" \/>\n<meta property=\"og:site_name\" content=\"Hotel Eur\u00f3pa*** Gunaras\" \/>\n<meta property=\"article:publisher\" content=\"https:\/\/www.facebook.com\/hotelgunaras\" \/>\n<meta property=\"article:modified_time\" content=\"2023-02-01T11:45:06+00:00\" \/>\n<meta property=\"og:image\" content=\"https:\/\/www.gunarashotel.hu\/wp-content\/uploads\/2021\/12\/sz2020logo-300x208.jpg\" \/>\n<meta name=\"twitter:card\" content=\"summary_large_image\" \/>\n<meta name=\"twitter:label1\" content=\"Gesch\u00e4tzte Lesezeit\" \/>\n\t<meta name=\"twitter:data1\" content=\"1\u00a0Minute\" \/>\n<script type=\"application\/ld+json\" class=\"yoast-schema-graph\">{\"@context\":\"https:\/\/schema.org\",\"@graph\":[{\"@type\":\"WebPage\",\"@id\":\"https:\/\/www.gunarashotel.hu\/palyazatok\/ginop-4-1-4-19-2020-01224\/\",\"url\":\"https:\/\/www.gunarashotel.hu\/palyazatok\/ginop-4-1-4-19-2020-01224\/\",\"name\":\"GINOP-4.1.4-19-2020-01224 - Hotel Eur\u00f3pa*** Gunaras\",\"isPartOf\":{\"@id\":\"https:\/\/www.gunarashotel.hu\/#website\"},\"primaryImageOfPage\":{\"@id\":\"https:\/\/www.gunarashotel.hu\/palyazatok\/ginop-4-1-4-19-2020-01224\/#primaryimage\"},\"image\":{\"@id\":\"https:\/\/www.gunarashotel.hu\/palyazatok\/ginop-4-1-4-19-2020-01224\/#primaryimage\"},\"thumbnailUrl\":\"https:\/\/www.gunarashotel.hu\/wp-content\/uploads\/2021\/12\/sz2020logo-300x208.jpg\",\"datePublished\":\"2022-02-15T05:28:40+00:00\",\"dateModified\":\"2023-02-01T11:45:06+00:00\",\"breadcrumb\":{\"@id\":\"https:\/\/www.gunarashotel.hu\/palyazatok\/ginop-4-1-4-19-2020-01224\/#breadcrumb\"},\"inLanguage\":\"de\",\"potentialAction\":[{\"@type\":\"ReadAction\",\"target\":[\"https:\/\/www.gunarashotel.hu\/palyazatok\/ginop-4-1-4-19-2020-01224\/\"]}]},{\"@type\":\"ImageObject\",\"inLanguage\":\"de\",\"@id\":\"https:\/\/www.gunarashotel.hu\/palyazatok\/ginop-4-1-4-19-2020-01224\/#primaryimage\",\"url\":\"https:\/\/www.gunarashotel.hu\/wp-content\/uploads\/2021\/12\/sz2020logo-300x208.jpg\",\"contentUrl\":\"https:\/\/www.gunarashotel.hu\/wp-content\/uploads\/2021\/12\/sz2020logo-300x208.jpg\"},{\"@type\":\"BreadcrumbList\",\"@id\":\"https:\/\/www.gunarashotel.hu\/palyazatok\/ginop-4-1-4-19-2020-01224\/#breadcrumb\",\"itemListElement\":[{\"@type\":\"ListItem\",\"position\":1,\"name\":\"Home\",\"item\":\"https:\/\/www.gunarashotel.hu\/\"},{\"@type\":\"ListItem\",\"position\":2,\"name\":\"P\u00e1ly\u00e1zatok\",\"item\":\"https:\/\/www.gunarashotel.hu\/palyazatok\/\"},{\"@type\":\"ListItem\",\"position\":3,\"name\":\"GINOP-4.1.4-19-2020-01224\"}]},{\"@type\":\"WebSite\",\"@id\":\"https:\/\/www.gunarashotel.hu\/#website\",\"url\":\"https:\/\/www.gunarashotel.hu\/\",\"name\":\"Hotel Eur\u00f3pa*** Gunaras\",\"description\":\"pihen\u00e9s kedvez\u0151 \u00e1ron Domb\u00f3v\u00e1r-Gunaras gy\u00f3gyf\u00fcrd\u0151 mellett\",\"publisher\":{\"@id\":\"https:\/\/www.gunarashotel.hu\/#organization\"},\"potentialAction\":[{\"@type\":\"SearchAction\",\"target\":{\"@type\":\"EntryPoint\",\"urlTemplate\":\"https:\/\/www.gunarashotel.hu\/?s={search_term_string}\"},\"query-input\":{\"@type\":\"PropertyValueSpecification\",\"valueRequired\":true,\"valueName\":\"search_term_string\"}}],\"inLanguage\":\"de\"},{\"@type\":\"Organization\",\"@id\":\"https:\/\/www.gunarashotel.hu\/#organization\",\"name\":\"Hotel Eur\u00f3pa*** Gunaras\",\"url\":\"https:\/\/www.gunarashotel.hu\/\",\"logo\":{\"@type\":\"ImageObject\",\"inLanguage\":\"de\",\"@id\":\"https:\/\/www.gunarashotel.hu\/#\/schema\/logo\/image\/\",\"url\":\"https:\/\/www.gunarashotel.hu\/wp-content\/uploads\/2019\/10\/hotel-europa-logo.svg\",\"contentUrl\":\"https:\/\/www.gunarashotel.hu\/wp-content\/uploads\/2019\/10\/hotel-europa-logo.svg\",\"width\":1,\"height\":1,\"caption\":\"Hotel Eur\u00f3pa*** Gunaras\"},\"image\":{\"@id\":\"https:\/\/www.gunarashotel.hu\/#\/schema\/logo\/image\/\"},\"sameAs\":[\"https:\/\/www.facebook.com\/hotelgunaras\"]}]}<\/script>\n<!-- \/ Yoast SEO plugin. -->","yoast_head_json":{"title":"GINOP-4.1.4-19-2020-01224 - Hotel Eur\u00f3pa*** Gunaras","robots":{"index":"index","follow":"follow","max-snippet":"max-snippet:-1","max-image-preview":"max-image-preview:large","max-video-preview":"max-video-preview:-1"},"canonical":"https:\/\/www.gunarashotel.hu\/de\/palyazatok\/ginop-4-1-4-19-2020-01224\/","og_locale":"de_DE","og_type":"article","og_title":"GINOP-4.1.4-19-2020-01224 - Hotel Eur\u00f3pa*** Gunaras","og_description":"Kedvezm\u00e9nyezett neve: Gunaras Apartmanpark \u00e9s Gy\u00f3gykemping Korl\u00e1tolt Felel\u0151ss\u00e9g\u0171 T\u00e1rsas\u00e1g Projekt c\u00edme: Meg\u00fajul\u00f3 energia haszn\u00e1lat\u00e1val megval\u00f3sul\u00f3 \u00e9p\u00fcletenergetikai fejleszt\u00e9s a Gunaras Apartmanpark Kft.-n\u00e9l T\u00e1mogat\u00e1s \u00f6sszege: 25\u00a0239\u00a0668,- Ft T\u00e1mogat\u00e1s m\u00e9rt\u00e9ke: 55% Projekt kezdete: 2021.04.20. Projekt t\u00e9nyleges befejez\u00e9si d\u00e1tuma: 2022.06.13. Projekt azonos\u00edt\u00f3 sz\u00e1ma: GINOP-4.1.4-19-2020-01224 &nbsp; &nbsp; A projekt tartalm\u00e1nak bemutat\u00e1sa: A p\u00e1ly\u00e1zat m\u0171szaki tartalm\u00e1t k\u00e9pezi a v\u00e1llalkoz\u00e1s 7200 Domb\u00f3v\u00e1r,... Continue Reading","og_url":"https:\/\/www.gunarashotel.hu\/de\/palyazatok\/ginop-4-1-4-19-2020-01224\/","og_site_name":"Hotel Eur\u00f3pa*** Gunaras","article_publisher":"https:\/\/www.facebook.com\/hotelgunaras","article_modified_time":"2023-02-01T11:45:06+00:00","og_image":[{"url":"https:\/\/www.gunarashotel.hu\/wp-content\/uploads\/2021\/12\/sz2020logo-300x208.jpg","type":"","width":"","height":""}],"twitter_card":"summary_large_image","twitter_misc":{"Gesch\u00e4tzte Lesezeit":"1\u00a0Minute"},"schema":{"@context":"https:\/\/schema.org","@graph":[{"@type":"WebPage","@id":"https:\/\/www.gunarashotel.hu\/palyazatok\/ginop-4-1-4-19-2020-01224\/","url":"https:\/\/www.gunarashotel.hu\/palyazatok\/ginop-4-1-4-19-2020-01224\/","name":"GINOP-4.1.4-19-2020-01224 - Hotel Eur\u00f3pa*** Gunaras","isPartOf":{"@id":"https:\/\/www.gunarashotel.hu\/#website"},"primaryImageOfPage":{"@id":"https:\/\/www.gunarashotel.hu\/palyazatok\/ginop-4-1-4-19-2020-01224\/#primaryimage"},"image":{"@id":"https:\/\/www.gunarashotel.hu\/palyazatok\/ginop-4-1-4-19-2020-01224\/#primaryimage"},"thumbnailUrl":"https:\/\/www.gunarashotel.hu\/wp-content\/uploads\/2021\/12\/sz2020logo-300x208.jpg","datePublished":"2022-02-15T05:28:40+00:00","dateModified":"2023-02-01T11:45:06+00:00","breadcrumb":{"@id":"https:\/\/www.gunarashotel.hu\/palyazatok\/ginop-4-1-4-19-2020-01224\/#breadcrumb"},"inLanguage":"de","potentialAction":[{"@type":"ReadAction","target":["https:\/\/www.gunarashotel.hu\/palyazatok\/ginop-4-1-4-19-2020-01224\/"]}]},{"@type":"ImageObject","inLanguage":"de","@id":"https:\/\/www.gunarashotel.hu\/palyazatok\/ginop-4-1-4-19-2020-01224\/#primaryimage","url":"https:\/\/www.gunarashotel.hu\/wp-content\/uploads\/2021\/12\/sz2020logo-300x208.jpg","contentUrl":"https:\/\/www.gunarashotel.hu\/wp-content\/uploads\/2021\/12\/sz2020logo-300x208.jpg"},{"@type":"BreadcrumbList","@id":"https:\/\/www.gunarashotel.hu\/palyazatok\/ginop-4-1-4-19-2020-01224\/#breadcrumb","itemListElement":[{"@type":"ListItem","position":1,"name":"Home","item":"https:\/\/www.gunarashotel.hu\/"},{"@type":"ListItem","position":2,"name":"P\u00e1ly\u00e1zatok","item":"https:\/\/www.gunarashotel.hu\/palyazatok\/"},{"@type":"ListItem","position":3,"name":"GINOP-4.1.4-19-2020-01224"}]},{"@type":"WebSite","@id":"https:\/\/www.gunarashotel.hu\/#website","url":"https:\/\/www.gunarashotel.hu\/","name":"Hotel Eur\u00f3pa*** Gunaras","description":"pihen\u00e9s kedvez\u0151 \u00e1ron Domb\u00f3v\u00e1r-Gunaras gy\u00f3gyf\u00fcrd\u0151 mellett","publisher":{"@id":"https:\/\/www.gunarashotel.hu\/#organization"},"potentialAction":[{"@type":"SearchAction","target":{"@type":"EntryPoint","urlTemplate":"https:\/\/www.gunarashotel.hu\/?s={search_term_string}"},"query-input":{"@type":"PropertyValueSpecification","valueRequired":true,"valueName":"search_term_string"}}],"inLanguage":"de"},{"@type":"Organization","@id":"https:\/\/www.gunarashotel.hu\/#organization","name":"Hotel Eur\u00f3pa*** Gunaras","url":"https:\/\/www.gunarashotel.hu\/","logo":{"@type":"ImageObject","inLanguage":"de","@id":"https:\/\/www.gunarashotel.hu\/#\/schema\/logo\/image\/","url":"https:\/\/www.gunarashotel.hu\/wp-content\/uploads\/2019\/10\/hotel-europa-logo.svg","contentUrl":"https:\/\/www.gunarashotel.hu\/wp-content\/uploads\/2019\/10\/hotel-europa-logo.svg","width":1,"height":1,"caption":"Hotel Eur\u00f3pa*** Gunaras"},"image":{"@id":"https:\/\/www.gunarashotel.hu\/#\/schema\/logo\/image\/"},"sameAs":["https:\/\/www.facebook.com\/hotelgunaras"]}]}},"_links":{"self":[{"href":"https:\/\/www.gunarashotel.hu\/de\/wp-json\/wp\/v2\/pages\/5046","targetHints":{"allow":["GET"]}}],"collection":[{"href":"https:\/\/www.gunarashotel.hu\/de\/wp-json\/wp\/v2\/pages"}],"about":[{"href":"https:\/\/www.gunarashotel.hu\/de\/wp-json\/wp\/v2\/types\/page"}],"author":[{"embeddable":true,"href":"https:\/\/www.gunarashotel.hu\/de\/wp-json\/wp\/v2\/users\/1"}],"replies":[{"embeddable":true,"href":"https:\/\/www.gunarashotel.hu\/de\/wp-json\/wp\/v2\/comments?post=5046"}],"version-history":[{"count":2,"href":"https:\/\/www.gunarashotel.hu\/de\/wp-json\/wp\/v2\/pages\/5046\/revisions"}],"predecessor-version":[{"id":5153,"href":"https:\/\/www.gunarashotel.hu\/de\/wp-json\/wp\/v2\/pages\/5046\/revisions\/5153"}],"up":[{"embeddable":true,"href":"https:\/\/www.gunarashotel.hu\/de\/wp-json\/wp\/v2\/pages\/5015"}],"wp:attachment":[{"href":"https:\/\/www.gunarashotel.hu\/de\/wp-json\/wp\/v2\/media?parent=5046"}],"curies":[{"name":"wp","href":"https:\/\/api.w.org\/{rel}","templated":true}]}}