{"id":5293,"date":"2023-05-08T06:41:42","date_gmt":"2023-05-08T04:41:42","guid":{"rendered":"https:\/\/www.gunarashotel.hu\/?page_id=5293"},"modified":"2023-05-08T06:41:42","modified_gmt":"2023-05-08T04:41:42","slug":"ginop-4-1-4-19-2021-04063","status":"publish","type":"page","link":"https:\/\/www.gunarashotel.hu\/de\/palyazatok\/ginop-4-1-4-19-2021-04063\/","title":{"rendered":"GINOP-4.1.4-19-2021-04063"},"content":{"rendered":"<p><img fetchpriority=\"high\" decoding=\"async\" class=\"size-medium wp-image-5024 alignright\" src=\"https:\/\/www.gunarashotel.hu\/wp-content\/uploads\/2021\/12\/sz2020logo-300x208.jpg\" alt=\"Meg\u00fajul\u00f3 energia haszn\u00e1lat\u00e1val megval\u00f3sul\u00f3 \u00e9p\u00fcletenergetikai fejleszt\u00e9s a T-GASZTRO Kft. Domb\u00f3v\u00e1r T\u00f3 utca 3. alatti fi\u00f3ktelep\u00e9n\" width=\"300\" height=\"208\" srcset=\"https:\/\/www.gunarashotel.hu\/wp-content\/uploads\/2021\/12\/sz2020logo-300x208.jpg 300w, https:\/\/www.gunarashotel.hu\/wp-content\/uploads\/2021\/12\/sz2020logo.jpg 554w\" sizes=\"(max-width: 300px) 100vw, 300px\" \/><\/p>\n<p><strong>Kedvezm\u00e9nyezett neve<\/strong>: T-GASZTRO Kft.<\/p>\n<p><strong>Projekt c\u00edme:<\/strong> \u00c9p\u00fcletenergetikai fejleszt\u00e9s a T-GASZTRO Kft. Term\u00e1l utcai fi\u00f3ktelep\u00e9n<\/p>\n<p><strong>T\u00e1mogat\u00e1s \u00f6sszege:<\/strong> 10 202 478,-Ft<\/p>\n<p><strong>T\u00e1mogat\u00e1s m\u00e9rt\u00e9ke:<\/strong> 55%<\/p>\n<p><strong>Projekt kezdete<\/strong>: 2021.07.13.<\/p>\n<p><strong>Projekt t\u00e9nyleges befejez\u00e9si d\u00e1tuma:<\/strong> 2022.10.31.<\/p>\n<p><strong>Projekt azonos\u00edt\u00f3 sz\u00e1ma:<\/strong> GINOP-4.1.4-19-2021-04063<\/p>\n<p>&nbsp;<\/p>\n<p><strong>A projekt tartalm\u00e1nak bemutat\u00e1sa:<\/strong><\/p>\n<p>&nbsp;<\/p>\n<p>A p\u00e1ly\u00e1zat m\u0171szaki tartalm\u00e1t k\u00e9pezte a v\u00e1llalkoz\u00e1s 7200 Domb\u00f3v\u00e1r, Term\u00e1l utca 17. c\u00edm alatti fi\u00f3ktelep\u00e9nek energetikai korszer\u0171s\u00edt\u00e9se.<\/p>\n<p>A fejleszt\u00e9s keret\u00e9ben a homlokzat, l\u00e1bazat \u00e9s a f\u00f6d\u00e9m ut\u00f3lagos h\u0151szigetel\u00e9ssel lett ell\u00e1tva. Az \u00e9p\u00fcletek homlokzati ny\u00edl\u00e1sz\u00e1r\u00f3i kibont\u00e1sra ker\u00fcltek. Ezt k\u00f6vet\u0151en be\u00e9p\u00edtett\u00e9k az \u00faj m\u0171anyag tokos \u00e9s 3 r\u00e9teg\u0171 ny\u00edl\u00e1sz\u00e1r\u00f3kat a tervdokument\u00e1ci\u00f3nak megfelel\u0151en. Az \u00e1rny\u00e9kol\u00e1s ki lett \u00e9p\u00edtve. Az \u00e9p\u00fcletek biztos\u00edt\u00e1sa \u00e9rdek\u00e9ben k\u00fcl\u00f6n\u00e1ll\u00f3 h\u0151szivatty\u00fas f\u0171t\u00e9si \u00e9s h\u0171t\u00e9si rendszert hoztunk r\u00e9szre. Az \u00e9p\u00fclet mellett helyezt\u00fck el a h\u0151szivatty\u00fat. A fi\u00f3ktelep vil\u00e1g\u00edt\u00e1si rendszere jelenleg elavult hagyom\u00e1nyos f\u00e9nyforr\u00e1sokkal volt megoldva. Ez rendk\u00edv\u00fcl energiapazarl\u00f3, illetve nem el\u00e9g\u00edti ki a megvil\u00e1g\u00edt\u00e1sra vonatkoz\u00f3 el\u0151\u00edr\u00e1sokat. Cser\u00e9j\u00fck mindenk\u00e9ppen javasolt volt, vele egy\u00fctt megt\u00f6rt\u00e9nt a rossz \u00e1llapot\u00fa bels\u0151 elektromos h\u00e1l\u00f3zat korszer\u0171s\u00edt\u00e9se is. Az \u00e9p\u00fcletek villamos energia ig\u00e9ny\u00e9nek ell\u00e1t\u00e1s\u00e1ra 15 kWp alatti n\u00e9vleges teljes\u00edtm\u00e9ny\u0171 napelemes rendszer lett telep\u00edtve. Ezen tev\u00e9kenys\u00e9gek mindegyike az energiahat\u00e9konys\u00e1g fokoz\u00e1sa \u00e9rdek\u00e9ben ker\u00fclt a projektbe.<\/p>\n<p>A fejleszt\u00e9s megval\u00f3s\u00edt\u00e1s\u00e1val \u00f6sszess\u00e9g\u00e9ben a jelenleg JJ, azaz kiemelked\u0151en rossz besorol\u00e1s\u00fa \u00e9p\u00fclet CC, azaz korszer\u0171 besorol\u00e1s\u00fav\u00e1 v\u00e1lik, a beruh\u00e1z\u00e1s teh\u00e1t \u00f6nmag\u00e1ban is nagym\u00e9rt\u00e9kben hozz\u00e1j\u00e1rul az energiahat\u00e9konys\u00e1g javul\u00e1s\u00e1hoz, az \u00fcvegh\u00e1zhat\u00e1s\u00fa g\u00e1zok kibocs\u00e1t\u00e1s cs\u00f6kken\u00e9s\u00e9hez, a meg\u00fajul\u00f3 energi\u00e1t hasznos\u00edt\u00f3 berendez\u00e9sek pedig k\u00f6rnyezettudatos gondolkod\u00e1st k\u00f6zvet\u00edtenek a v\u00e1llalkoz\u00e1s k\u00f6rnyezete fel\u00e9.<\/p>","protected":false},"excerpt":{"rendered":"<p>Kedvezm\u00e9nyezett neve: T-GASZTRO Kft. Projekt c\u00edme: \u00c9p\u00fcletenergetikai fejleszt\u00e9s a T-GASZTRO Kft. Term\u00e1l utcai fi\u00f3ktelep\u00e9n T\u00e1mogat\u00e1s \u00f6sszege: 10 202 478,-Ft T\u00e1mogat\u00e1s m\u00e9rt\u00e9ke: 55% Projekt kezdete: 2021.07.13. Projekt t\u00e9nyleges befejez\u00e9si d\u00e1tuma: 2022.10.31. Projekt azonos\u00edt\u00f3 sz\u00e1ma: GINOP-4.1.4-19-2021-04063 &nbsp; A projekt tartalm\u00e1nak bemutat\u00e1sa: &nbsp; A p\u00e1ly\u00e1zat m\u0171szaki tartalm\u00e1t k\u00e9pezte a v\u00e1llalkoz\u00e1s 7200 Domb\u00f3v\u00e1r, Term\u00e1l utca 17. c\u00edm alatti fi\u00f3ktelep\u00e9nek&#8230; <\/p>\n<div class=\"clear\"><\/div>\n<p><a href=\"https:\/\/www.gunarashotel.hu\/de\/palyazatok\/ginop-4-1-4-19-2021-04063\/\" class=\"excerpt-read-more\">Continue Reading<i class=\"fa fa-long-arrow-right icon-long-arrow-right\"><\/i><\/a><\/p>","protected":false},"author":1,"featured_media":0,"parent":5015,"menu_order":0,"comment_status":"closed","ping_status":"closed","template":"","meta":{"inline_featured_image":false,"footnotes":""},"class_list":["post-5293","page","type-page","status-publish","hentry"],"yoast_head":"<!-- This site is optimized with the Yoast SEO plugin v27.2 - https:\/\/yoast.com\/product\/yoast-seo-wordpress\/ -->\n<title>GINOP-4.1.4-19-2021-04063 - Hotel Eur\u00f3pa*** Gunaras<\/title>\n<meta name=\"description\" content=\"A T-Gasztro Kft. 7200 Domb\u00f3v\u00e1r, Term\u00e1l utca 17. c\u00edm alatti fi\u00f3ktelep\u00e9nek energetikai korszer\u0171s\u00edt\u00e9se. \u00a0\" \/>\n<meta name=\"robots\" content=\"index, follow, max-snippet:-1, max-image-preview:large, max-video-preview:-1\" \/>\n<link rel=\"canonical\" href=\"https:\/\/www.gunarashotel.hu\/de\/palyazatok\/ginop-4-1-4-19-2021-04063\/\" \/>\n<meta property=\"og:locale\" content=\"de_DE\" \/>\n<meta property=\"og:type\" content=\"article\" \/>\n<meta property=\"og:title\" content=\"GINOP-4.1.4-19-2021-04063 - Hotel Eur\u00f3pa*** Gunaras\" \/>\n<meta property=\"og:description\" content=\"A T-Gasztro Kft. 7200 Domb\u00f3v\u00e1r, Term\u00e1l utca 17. c\u00edm alatti fi\u00f3ktelep\u00e9nek energetikai korszer\u0171s\u00edt\u00e9se. \u00a0\" \/>\n<meta property=\"og:url\" content=\"https:\/\/www.gunarashotel.hu\/de\/palyazatok\/ginop-4-1-4-19-2021-04063\/\" \/>\n<meta property=\"og:site_name\" content=\"Hotel Eur\u00f3pa*** Gunaras\" \/>\n<meta property=\"article:publisher\" content=\"https:\/\/www.facebook.com\/hotelgunaras\" \/>\n<meta property=\"og:image\" content=\"https:\/\/www.gunarashotel.hu\/wp-content\/uploads\/2021\/12\/sz2020logo-300x208.jpg\" \/>\n<meta name=\"twitter:card\" content=\"summary_large_image\" \/>\n<meta name=\"twitter:label1\" content=\"Gesch\u00e4tzte Lesezeit\" \/>\n\t<meta name=\"twitter:data1\" content=\"2\u00a0Minuten\" \/>\n<script type=\"application\/ld+json\" class=\"yoast-schema-graph\">{\"@context\":\"https:\/\/schema.org\",\"@graph\":[{\"@type\":\"WebPage\",\"@id\":\"https:\/\/www.gunarashotel.hu\/palyazatok\/ginop-4-1-4-19-2021-04063\/\",\"url\":\"https:\/\/www.gunarashotel.hu\/palyazatok\/ginop-4-1-4-19-2021-04063\/\",\"name\":\"GINOP-4.1.4-19-2021-04063 - Hotel Eur\u00f3pa*** Gunaras\",\"isPartOf\":{\"@id\":\"https:\/\/www.gunarashotel.hu\/#website\"},\"primaryImageOfPage\":{\"@id\":\"https:\/\/www.gunarashotel.hu\/palyazatok\/ginop-4-1-4-19-2021-04063\/#primaryimage\"},\"image\":{\"@id\":\"https:\/\/www.gunarashotel.hu\/palyazatok\/ginop-4-1-4-19-2021-04063\/#primaryimage\"},\"thumbnailUrl\":\"https:\/\/www.gunarashotel.hu\/wp-content\/uploads\/2021\/12\/sz2020logo-300x208.jpg\",\"datePublished\":\"2023-05-08T04:41:42+00:00\",\"description\":\"A T-Gasztro Kft. 7200 Domb\u00f3v\u00e1r, Term\u00e1l utca 17. c\u00edm alatti fi\u00f3ktelep\u00e9nek energetikai korszer\u0171s\u00edt\u00e9se. \u00a0\",\"breadcrumb\":{\"@id\":\"https:\/\/www.gunarashotel.hu\/palyazatok\/ginop-4-1-4-19-2021-04063\/#breadcrumb\"},\"inLanguage\":\"de\",\"potentialAction\":[{\"@type\":\"ReadAction\",\"target\":[\"https:\/\/www.gunarashotel.hu\/palyazatok\/ginop-4-1-4-19-2021-04063\/\"]}]},{\"@type\":\"ImageObject\",\"inLanguage\":\"de\",\"@id\":\"https:\/\/www.gunarashotel.hu\/palyazatok\/ginop-4-1-4-19-2021-04063\/#primaryimage\",\"url\":\"https:\/\/www.gunarashotel.hu\/wp-content\/uploads\/2021\/12\/sz2020logo-300x208.jpg\",\"contentUrl\":\"https:\/\/www.gunarashotel.hu\/wp-content\/uploads\/2021\/12\/sz2020logo-300x208.jpg\"},{\"@type\":\"BreadcrumbList\",\"@id\":\"https:\/\/www.gunarashotel.hu\/palyazatok\/ginop-4-1-4-19-2021-04063\/#breadcrumb\",\"itemListElement\":[{\"@type\":\"ListItem\",\"position\":1,\"name\":\"Home\",\"item\":\"https:\/\/www.gunarashotel.hu\/\"},{\"@type\":\"ListItem\",\"position\":2,\"name\":\"P\u00e1ly\u00e1zatok\",\"item\":\"https:\/\/www.gunarashotel.hu\/palyazatok\/\"},{\"@type\":\"ListItem\",\"position\":3,\"name\":\"GINOP-4.1.4-19-2021-04063\"}]},{\"@type\":\"WebSite\",\"@id\":\"https:\/\/www.gunarashotel.hu\/#website\",\"url\":\"https:\/\/www.gunarashotel.hu\/\",\"name\":\"Hotel Eur\u00f3pa*** Gunaras\",\"description\":\"pihen\u00e9s kedvez\u0151 \u00e1ron Domb\u00f3v\u00e1r-Gunaras gy\u00f3gyf\u00fcrd\u0151 mellett\",\"publisher\":{\"@id\":\"https:\/\/www.gunarashotel.hu\/#organization\"},\"potentialAction\":[{\"@type\":\"SearchAction\",\"target\":{\"@type\":\"EntryPoint\",\"urlTemplate\":\"https:\/\/www.gunarashotel.hu\/?s={search_term_string}\"},\"query-input\":{\"@type\":\"PropertyValueSpecification\",\"valueRequired\":true,\"valueName\":\"search_term_string\"}}],\"inLanguage\":\"de\"},{\"@type\":\"Organization\",\"@id\":\"https:\/\/www.gunarashotel.hu\/#organization\",\"name\":\"Hotel Eur\u00f3pa*** Gunaras\",\"url\":\"https:\/\/www.gunarashotel.hu\/\",\"logo\":{\"@type\":\"ImageObject\",\"inLanguage\":\"de\",\"@id\":\"https:\/\/www.gunarashotel.hu\/#\/schema\/logo\/image\/\",\"url\":\"https:\/\/www.gunarashotel.hu\/wp-content\/uploads\/2019\/10\/hotel-europa-logo.svg\",\"contentUrl\":\"https:\/\/www.gunarashotel.hu\/wp-content\/uploads\/2019\/10\/hotel-europa-logo.svg\",\"width\":1,\"height\":1,\"caption\":\"Hotel Eur\u00f3pa*** Gunaras\"},\"image\":{\"@id\":\"https:\/\/www.gunarashotel.hu\/#\/schema\/logo\/image\/\"},\"sameAs\":[\"https:\/\/www.facebook.com\/hotelgunaras\"]}]}<\/script>\n<!-- \/ Yoast SEO plugin. -->","yoast_head_json":{"title":"GINOP-4.1.4-19-2021-04063 - Hotel Eur\u00f3pa*** Gunaras","description":"A T-Gasztro Kft. 7200 Domb\u00f3v\u00e1r, Term\u00e1l utca 17. c\u00edm alatti fi\u00f3ktelep\u00e9nek energetikai korszer\u0171s\u00edt\u00e9se. \u00a0","robots":{"index":"index","follow":"follow","max-snippet":"max-snippet:-1","max-image-preview":"max-image-preview:large","max-video-preview":"max-video-preview:-1"},"canonical":"https:\/\/www.gunarashotel.hu\/de\/palyazatok\/ginop-4-1-4-19-2021-04063\/","og_locale":"de_DE","og_type":"article","og_title":"GINOP-4.1.4-19-2021-04063 - Hotel Eur\u00f3pa*** Gunaras","og_description":"A T-Gasztro Kft. 7200 Domb\u00f3v\u00e1r, Term\u00e1l utca 17. c\u00edm alatti fi\u00f3ktelep\u00e9nek energetikai korszer\u0171s\u00edt\u00e9se. \u00a0","og_url":"https:\/\/www.gunarashotel.hu\/de\/palyazatok\/ginop-4-1-4-19-2021-04063\/","og_site_name":"Hotel Eur\u00f3pa*** Gunaras","article_publisher":"https:\/\/www.facebook.com\/hotelgunaras","og_image":[{"url":"https:\/\/www.gunarashotel.hu\/wp-content\/uploads\/2021\/12\/sz2020logo-300x208.jpg","type":"","width":"","height":""}],"twitter_card":"summary_large_image","twitter_misc":{"Gesch\u00e4tzte Lesezeit":"2\u00a0Minuten"},"schema":{"@context":"https:\/\/schema.org","@graph":[{"@type":"WebPage","@id":"https:\/\/www.gunarashotel.hu\/palyazatok\/ginop-4-1-4-19-2021-04063\/","url":"https:\/\/www.gunarashotel.hu\/palyazatok\/ginop-4-1-4-19-2021-04063\/","name":"GINOP-4.1.4-19-2021-04063 - Hotel Eur\u00f3pa*** Gunaras","isPartOf":{"@id":"https:\/\/www.gunarashotel.hu\/#website"},"primaryImageOfPage":{"@id":"https:\/\/www.gunarashotel.hu\/palyazatok\/ginop-4-1-4-19-2021-04063\/#primaryimage"},"image":{"@id":"https:\/\/www.gunarashotel.hu\/palyazatok\/ginop-4-1-4-19-2021-04063\/#primaryimage"},"thumbnailUrl":"https:\/\/www.gunarashotel.hu\/wp-content\/uploads\/2021\/12\/sz2020logo-300x208.jpg","datePublished":"2023-05-08T04:41:42+00:00","description":"A T-Gasztro Kft. 7200 Domb\u00f3v\u00e1r, Term\u00e1l utca 17. c\u00edm alatti fi\u00f3ktelep\u00e9nek energetikai korszer\u0171s\u00edt\u00e9se. \u00a0","breadcrumb":{"@id":"https:\/\/www.gunarashotel.hu\/palyazatok\/ginop-4-1-4-19-2021-04063\/#breadcrumb"},"inLanguage":"de","potentialAction":[{"@type":"ReadAction","target":["https:\/\/www.gunarashotel.hu\/palyazatok\/ginop-4-1-4-19-2021-04063\/"]}]},{"@type":"ImageObject","inLanguage":"de","@id":"https:\/\/www.gunarashotel.hu\/palyazatok\/ginop-4-1-4-19-2021-04063\/#primaryimage","url":"https:\/\/www.gunarashotel.hu\/wp-content\/uploads\/2021\/12\/sz2020logo-300x208.jpg","contentUrl":"https:\/\/www.gunarashotel.hu\/wp-content\/uploads\/2021\/12\/sz2020logo-300x208.jpg"},{"@type":"BreadcrumbList","@id":"https:\/\/www.gunarashotel.hu\/palyazatok\/ginop-4-1-4-19-2021-04063\/#breadcrumb","itemListElement":[{"@type":"ListItem","position":1,"name":"Home","item":"https:\/\/www.gunarashotel.hu\/"},{"@type":"ListItem","position":2,"name":"P\u00e1ly\u00e1zatok","item":"https:\/\/www.gunarashotel.hu\/palyazatok\/"},{"@type":"ListItem","position":3,"name":"GINOP-4.1.4-19-2021-04063"}]},{"@type":"WebSite","@id":"https:\/\/www.gunarashotel.hu\/#website","url":"https:\/\/www.gunarashotel.hu\/","name":"Hotel Eur\u00f3pa*** Gunaras","description":"pihen\u00e9s kedvez\u0151 \u00e1ron Domb\u00f3v\u00e1r-Gunaras gy\u00f3gyf\u00fcrd\u0151 mellett","publisher":{"@id":"https:\/\/www.gunarashotel.hu\/#organization"},"potentialAction":[{"@type":"SearchAction","target":{"@type":"EntryPoint","urlTemplate":"https:\/\/www.gunarashotel.hu\/?s={search_term_string}"},"query-input":{"@type":"PropertyValueSpecification","valueRequired":true,"valueName":"search_term_string"}}],"inLanguage":"de"},{"@type":"Organization","@id":"https:\/\/www.gunarashotel.hu\/#organization","name":"Hotel Eur\u00f3pa*** Gunaras","url":"https:\/\/www.gunarashotel.hu\/","logo":{"@type":"ImageObject","inLanguage":"de","@id":"https:\/\/www.gunarashotel.hu\/#\/schema\/logo\/image\/","url":"https:\/\/www.gunarashotel.hu\/wp-content\/uploads\/2019\/10\/hotel-europa-logo.svg","contentUrl":"https:\/\/www.gunarashotel.hu\/wp-content\/uploads\/2019\/10\/hotel-europa-logo.svg","width":1,"height":1,"caption":"Hotel Eur\u00f3pa*** Gunaras"},"image":{"@id":"https:\/\/www.gunarashotel.hu\/#\/schema\/logo\/image\/"},"sameAs":["https:\/\/www.facebook.com\/hotelgunaras"]}]}},"_links":{"self":[{"href":"https:\/\/www.gunarashotel.hu\/de\/wp-json\/wp\/v2\/pages\/5293","targetHints":{"allow":["GET"]}}],"collection":[{"href":"https:\/\/www.gunarashotel.hu\/de\/wp-json\/wp\/v2\/pages"}],"about":[{"href":"https:\/\/www.gunarashotel.hu\/de\/wp-json\/wp\/v2\/types\/page"}],"author":[{"embeddable":true,"href":"https:\/\/www.gunarashotel.hu\/de\/wp-json\/wp\/v2\/users\/1"}],"replies":[{"embeddable":true,"href":"https:\/\/www.gunarashotel.hu\/de\/wp-json\/wp\/v2\/comments?post=5293"}],"version-history":[{"count":1,"href":"https:\/\/www.gunarashotel.hu\/de\/wp-json\/wp\/v2\/pages\/5293\/revisions"}],"predecessor-version":[{"id":5294,"href":"https:\/\/www.gunarashotel.hu\/de\/wp-json\/wp\/v2\/pages\/5293\/revisions\/5294"}],"up":[{"embeddable":true,"href":"https:\/\/www.gunarashotel.hu\/de\/wp-json\/wp\/v2\/pages\/5015"}],"wp:attachment":[{"href":"https:\/\/www.gunarashotel.hu\/de\/wp-json\/wp\/v2\/media?parent=5293"}],"curies":[{"name":"wp","href":"https:\/\/api.w.org\/{rel}","templated":true}]}}