{"id":4961,"date":"2021-08-12T18:14:57","date_gmt":"2021-08-12T16:14:57","guid":{"rendered":"https:\/\/www.gunarashotel.hu\/?page_id=4961"},"modified":"2026-02-09T19:51:47","modified_gmt":"2026-02-09T18:51:47","slug":"tejut-haz-milky-way-house","status":"publish","type":"page","link":"https:\/\/www.gunarashotel.hu\/en\/szallas\/tejut-haz-milky-way-house\/","title":{"rendered":"Tej\u00fat h\u00e1z \u2013 T\u00f3 u. 18. (Milky Way House)"},"content":{"rendered":"","protected":false},"excerpt":{"rendered":"<p>Megfizethet\u0151 \u00e1ru kikapcsol\u00f3d\u00e1s gunarasf\u00fcrd\u0151n, els\u0151sorban nagyobb t\u00e1rsas\u00e1gok sz\u00e1m\u00e1ra<\/p>","protected":false},"author":1,"featured_media":4261,"parent":4543,"menu_order":5,"comment_status":"closed","ping_status":"closed","template":"","meta":{"inline_featured_image":false,"footnotes":""},"class_list":["post-4961","page","type-page","status-publish","has-post-thumbnail","hentry","page_category-all-branches"],"yoast_head":"<!-- This site is optimized with the Yoast SEO plugin v27.2 - https:\/\/yoast.com\/product\/yoast-seo-wordpress\/ -->\n<title>Tej\u00fat h\u00e1z \u2013 T\u00f3 u. 18. (Milky Way House) - Hotel Eur\u00f3pa*** Gunaras<\/title>\n<meta name=\"description\" content=\"Megfizethet\u0151 \u00e1ru kikapcsol\u00f3d\u00e1s gunarasf\u00fcrd\u0151n, els\u0151sorban nagyobb t\u00e1rsas\u00e1gok sz\u00e1m\u00e1ra.\" \/>\n<meta name=\"robots\" content=\"index, follow, max-snippet:-1, max-image-preview:large, max-video-preview:-1\" \/>\n<link rel=\"canonical\" href=\"https:\/\/www.gunarashotel.hu\/en\/szallas\/tejut-haz-milky-way-house\/\" \/>\n<meta property=\"og:locale\" content=\"en_GB\" \/>\n<meta property=\"og:type\" content=\"article\" \/>\n<meta property=\"og:title\" content=\"Tej\u00fat h\u00e1z \u2013 T\u00f3 u. 18. (Milky Way House) - Hotel Eur\u00f3pa*** Gunaras\" \/>\n<meta property=\"og:description\" content=\"Megfizethet\u0151 \u00e1ru kikapcsol\u00f3d\u00e1s gunarasf\u00fcrd\u0151n, els\u0151sorban nagyobb t\u00e1rsas\u00e1gok sz\u00e1m\u00e1ra.\" \/>\n<meta property=\"og:url\" content=\"https:\/\/www.gunarashotel.hu\/en\/szallas\/tejut-haz-milky-way-house\/\" \/>\n<meta property=\"og:site_name\" content=\"Hotel Eur\u00f3pa*** Gunaras\" \/>\n<meta property=\"article:publisher\" content=\"https:\/\/www.facebook.com\/hotelgunaras\" \/>\n<meta property=\"article:modified_time\" content=\"2026-02-09T18:51:47+00:00\" \/>\n<meta property=\"og:image\" content=\"https:\/\/www.gunarashotel.hu\/wp-content\/uploads\/2019\/10\/slide1.jpg\" \/>\n\t<meta property=\"og:image:width\" content=\"1140\" \/>\n\t<meta property=\"og:image:height\" content=\"760\" \/>\n\t<meta property=\"og:image:type\" content=\"image\/jpeg\" \/>\n<meta name=\"twitter:card\" content=\"summary_large_image\" \/>\n<meta name=\"twitter:label1\" content=\"Estimated reading time\" \/>\n\t<meta name=\"twitter:data1\" content=\"1 minute\" \/>\n<script type=\"application\/ld+json\" class=\"yoast-schema-graph\">{\"@context\":\"https:\/\/schema.org\",\"@graph\":[{\"@type\":\"WebPage\",\"@id\":\"https:\/\/www.gunarashotel.hu\/szallas\/tejut-haz-milky-way-house\/\",\"url\":\"https:\/\/www.gunarashotel.hu\/szallas\/tejut-haz-milky-way-house\/\",\"name\":\"Tej\u00fat h\u00e1z \u2013 T\u00f3 u. 18. (Milky Way House) - Hotel Eur\u00f3pa*** Gunaras\",\"isPartOf\":{\"@id\":\"https:\/\/www.gunarashotel.hu\/#website\"},\"primaryImageOfPage\":{\"@id\":\"https:\/\/www.gunarashotel.hu\/szallas\/tejut-haz-milky-way-house\/#primaryimage\"},\"image\":{\"@id\":\"https:\/\/www.gunarashotel.hu\/szallas\/tejut-haz-milky-way-house\/#primaryimage\"},\"thumbnailUrl\":\"https:\/\/www.gunarashotel.hu\/wp-content\/uploads\/2019\/10\/slide1.jpg\",\"datePublished\":\"2021-08-12T16:14:57+00:00\",\"dateModified\":\"2026-02-09T18:51:47+00:00\",\"description\":\"Megfizethet\u0151 \u00e1ru kikapcsol\u00f3d\u00e1s gunarasf\u00fcrd\u0151n, els\u0151sorban nagyobb t\u00e1rsas\u00e1gok sz\u00e1m\u00e1ra.\",\"breadcrumb\":{\"@id\":\"https:\/\/www.gunarashotel.hu\/szallas\/tejut-haz-milky-way-house\/#breadcrumb\"},\"inLanguage\":\"en-GB\",\"potentialAction\":[{\"@type\":\"ReadAction\",\"target\":[\"https:\/\/www.gunarashotel.hu\/szallas\/tejut-haz-milky-way-house\/\"]}]},{\"@type\":\"ImageObject\",\"inLanguage\":\"en-GB\",\"@id\":\"https:\/\/www.gunarashotel.hu\/szallas\/tejut-haz-milky-way-house\/#primaryimage\",\"url\":\"https:\/\/www.gunarashotel.hu\/wp-content\/uploads\/2019\/10\/slide1.jpg\",\"contentUrl\":\"https:\/\/www.gunarashotel.hu\/wp-content\/uploads\/2019\/10\/slide1.jpg\",\"width\":1140,\"height\":760},{\"@type\":\"BreadcrumbList\",\"@id\":\"https:\/\/www.gunarashotel.hu\/szallas\/tejut-haz-milky-way-house\/#breadcrumb\",\"itemListElement\":[{\"@type\":\"ListItem\",\"position\":1,\"name\":\"Home\",\"item\":\"https:\/\/www.gunarashotel.hu\/\"},{\"@type\":\"ListItem\",\"position\":2,\"name\":\"Sz\u00e1ll\u00e1s\",\"item\":\"https:\/\/www.gunarashotel.hu\/szallas\/\"},{\"@type\":\"ListItem\",\"position\":3,\"name\":\"Tej\u00fat h\u00e1z \u2013 T\u00f3 u. 18. (Milky Way House)\"}]},{\"@type\":\"WebSite\",\"@id\":\"https:\/\/www.gunarashotel.hu\/#website\",\"url\":\"https:\/\/www.gunarashotel.hu\/\",\"name\":\"Hotel Eur\u00f3pa*** Gunaras\",\"description\":\"pihen\u00e9s kedvez\u0151 \u00e1ron Domb\u00f3v\u00e1r-Gunaras gy\u00f3gyf\u00fcrd\u0151 mellett\",\"publisher\":{\"@id\":\"https:\/\/www.gunarashotel.hu\/#organization\"},\"potentialAction\":[{\"@type\":\"SearchAction\",\"target\":{\"@type\":\"EntryPoint\",\"urlTemplate\":\"https:\/\/www.gunarashotel.hu\/?s={search_term_string}\"},\"query-input\":{\"@type\":\"PropertyValueSpecification\",\"valueRequired\":true,\"valueName\":\"search_term_string\"}}],\"inLanguage\":\"en-GB\"},{\"@type\":\"Organization\",\"@id\":\"https:\/\/www.gunarashotel.hu\/#organization\",\"name\":\"Hotel Eur\u00f3pa*** Gunaras\",\"url\":\"https:\/\/www.gunarashotel.hu\/\",\"logo\":{\"@type\":\"ImageObject\",\"inLanguage\":\"en-GB\",\"@id\":\"https:\/\/www.gunarashotel.hu\/#\/schema\/logo\/image\/\",\"url\":\"https:\/\/www.gunarashotel.hu\/wp-content\/uploads\/2019\/10\/hotel-europa-logo.svg\",\"contentUrl\":\"https:\/\/www.gunarashotel.hu\/wp-content\/uploads\/2019\/10\/hotel-europa-logo.svg\",\"width\":1,\"height\":1,\"caption\":\"Hotel Eur\u00f3pa*** Gunaras\"},\"image\":{\"@id\":\"https:\/\/www.gunarashotel.hu\/#\/schema\/logo\/image\/\"},\"sameAs\":[\"https:\/\/www.facebook.com\/hotelgunaras\"]}]}<\/script>\n<!-- \/ Yoast SEO plugin. -->","yoast_head_json":{"title":"Tej\u00fat h\u00e1z \u2013 T\u00f3 u. 18. (Milky Way House) - Hotel Eur\u00f3pa*** Gunaras","description":"Megfizethet\u0151 \u00e1ru kikapcsol\u00f3d\u00e1s gunarasf\u00fcrd\u0151n, els\u0151sorban nagyobb t\u00e1rsas\u00e1gok sz\u00e1m\u00e1ra.","robots":{"index":"index","follow":"follow","max-snippet":"max-snippet:-1","max-image-preview":"max-image-preview:large","max-video-preview":"max-video-preview:-1"},"canonical":"https:\/\/www.gunarashotel.hu\/en\/szallas\/tejut-haz-milky-way-house\/","og_locale":"en_GB","og_type":"article","og_title":"Tej\u00fat h\u00e1z \u2013 T\u00f3 u. 18. (Milky Way House) - Hotel Eur\u00f3pa*** Gunaras","og_description":"Megfizethet\u0151 \u00e1ru kikapcsol\u00f3d\u00e1s gunarasf\u00fcrd\u0151n, els\u0151sorban nagyobb t\u00e1rsas\u00e1gok sz\u00e1m\u00e1ra.","og_url":"https:\/\/www.gunarashotel.hu\/en\/szallas\/tejut-haz-milky-way-house\/","og_site_name":"Hotel Eur\u00f3pa*** Gunaras","article_publisher":"https:\/\/www.facebook.com\/hotelgunaras","article_modified_time":"2026-02-09T18:51:47+00:00","og_image":[{"width":1140,"height":760,"url":"https:\/\/www.gunarashotel.hu\/wp-content\/uploads\/2019\/10\/slide1.jpg","type":"image\/jpeg"}],"twitter_card":"summary_large_image","twitter_misc":{"Estimated reading time":"1 minute"},"schema":{"@context":"https:\/\/schema.org","@graph":[{"@type":"WebPage","@id":"https:\/\/www.gunarashotel.hu\/szallas\/tejut-haz-milky-way-house\/","url":"https:\/\/www.gunarashotel.hu\/szallas\/tejut-haz-milky-way-house\/","name":"Tej\u00fat h\u00e1z \u2013 T\u00f3 u. 18. (Milky Way House) - Hotel Eur\u00f3pa*** Gunaras","isPartOf":{"@id":"https:\/\/www.gunarashotel.hu\/#website"},"primaryImageOfPage":{"@id":"https:\/\/www.gunarashotel.hu\/szallas\/tejut-haz-milky-way-house\/#primaryimage"},"image":{"@id":"https:\/\/www.gunarashotel.hu\/szallas\/tejut-haz-milky-way-house\/#primaryimage"},"thumbnailUrl":"https:\/\/www.gunarashotel.hu\/wp-content\/uploads\/2019\/10\/slide1.jpg","datePublished":"2021-08-12T16:14:57+00:00","dateModified":"2026-02-09T18:51:47+00:00","description":"Megfizethet\u0151 \u00e1ru kikapcsol\u00f3d\u00e1s gunarasf\u00fcrd\u0151n, els\u0151sorban nagyobb t\u00e1rsas\u00e1gok sz\u00e1m\u00e1ra.","breadcrumb":{"@id":"https:\/\/www.gunarashotel.hu\/szallas\/tejut-haz-milky-way-house\/#breadcrumb"},"inLanguage":"en-GB","potentialAction":[{"@type":"ReadAction","target":["https:\/\/www.gunarashotel.hu\/szallas\/tejut-haz-milky-way-house\/"]}]},{"@type":"ImageObject","inLanguage":"en-GB","@id":"https:\/\/www.gunarashotel.hu\/szallas\/tejut-haz-milky-way-house\/#primaryimage","url":"https:\/\/www.gunarashotel.hu\/wp-content\/uploads\/2019\/10\/slide1.jpg","contentUrl":"https:\/\/www.gunarashotel.hu\/wp-content\/uploads\/2019\/10\/slide1.jpg","width":1140,"height":760},{"@type":"BreadcrumbList","@id":"https:\/\/www.gunarashotel.hu\/szallas\/tejut-haz-milky-way-house\/#breadcrumb","itemListElement":[{"@type":"ListItem","position":1,"name":"Home","item":"https:\/\/www.gunarashotel.hu\/"},{"@type":"ListItem","position":2,"name":"Sz\u00e1ll\u00e1s","item":"https:\/\/www.gunarashotel.hu\/szallas\/"},{"@type":"ListItem","position":3,"name":"Tej\u00fat h\u00e1z \u2013 T\u00f3 u. 18. (Milky Way House)"}]},{"@type":"WebSite","@id":"https:\/\/www.gunarashotel.hu\/#website","url":"https:\/\/www.gunarashotel.hu\/","name":"Hotel Eur\u00f3pa*** Gunaras","description":"pihen\u00e9s kedvez\u0151 \u00e1ron Domb\u00f3v\u00e1r-Gunaras gy\u00f3gyf\u00fcrd\u0151 mellett","publisher":{"@id":"https:\/\/www.gunarashotel.hu\/#organization"},"potentialAction":[{"@type":"SearchAction","target":{"@type":"EntryPoint","urlTemplate":"https:\/\/www.gunarashotel.hu\/?s={search_term_string}"},"query-input":{"@type":"PropertyValueSpecification","valueRequired":true,"valueName":"search_term_string"}}],"inLanguage":"en-GB"},{"@type":"Organization","@id":"https:\/\/www.gunarashotel.hu\/#organization","name":"Hotel Eur\u00f3pa*** Gunaras","url":"https:\/\/www.gunarashotel.hu\/","logo":{"@type":"ImageObject","inLanguage":"en-GB","@id":"https:\/\/www.gunarashotel.hu\/#\/schema\/logo\/image\/","url":"https:\/\/www.gunarashotel.hu\/wp-content\/uploads\/2019\/10\/hotel-europa-logo.svg","contentUrl":"https:\/\/www.gunarashotel.hu\/wp-content\/uploads\/2019\/10\/hotel-europa-logo.svg","width":1,"height":1,"caption":"Hotel Eur\u00f3pa*** Gunaras"},"image":{"@id":"https:\/\/www.gunarashotel.hu\/#\/schema\/logo\/image\/"},"sameAs":["https:\/\/www.facebook.com\/hotelgunaras"]}]}},"_links":{"self":[{"href":"https:\/\/www.gunarashotel.hu\/en\/wp-json\/wp\/v2\/pages\/4961","targetHints":{"allow":["GET"]}}],"collection":[{"href":"https:\/\/www.gunarashotel.hu\/en\/wp-json\/wp\/v2\/pages"}],"about":[{"href":"https:\/\/www.gunarashotel.hu\/en\/wp-json\/wp\/v2\/types\/page"}],"author":[{"embeddable":true,"href":"https:\/\/www.gunarashotel.hu\/en\/wp-json\/wp\/v2\/users\/1"}],"replies":[{"embeddable":true,"href":"https:\/\/www.gunarashotel.hu\/en\/wp-json\/wp\/v2\/comments?post=4961"}],"version-history":[{"count":10,"href":"https:\/\/www.gunarashotel.hu\/en\/wp-json\/wp\/v2\/pages\/4961\/revisions"}],"predecessor-version":[{"id":6272,"href":"https:\/\/www.gunarashotel.hu\/en\/wp-json\/wp\/v2\/pages\/4961\/revisions\/6272"}],"up":[{"embeddable":true,"href":"https:\/\/www.gunarashotel.hu\/en\/wp-json\/wp\/v2\/pages\/4543"}],"wp:featuredmedia":[{"embeddable":true,"href":"https:\/\/www.gunarashotel.hu\/en\/wp-json\/wp\/v2\/media\/4261"}],"wp:attachment":[{"href":"https:\/\/www.gunarashotel.hu\/en\/wp-json\/wp\/v2\/media?parent=4961"}],"curies":[{"name":"wp","href":"https:\/\/api.w.org\/{rel}","templated":true}]}}