{"id":5015,"date":"2021-12-21T02:54:36","date_gmt":"2021-12-21T01:54:36","guid":{"rendered":"https:\/\/www.gunarashotel.hu\/?page_id=5015"},"modified":"2023-05-17T12:21:27","modified_gmt":"2023-05-17T10:21:27","slug":"palyazatok","status":"publish","type":"page","link":"https:\/\/www.gunarashotel.hu\/en\/palyazatok\/","title":{"rendered":"Projects"},"content":{"rendered":"<p><img fetchpriority=\"high\" decoding=\"async\" class=\"mhidden alignright wp-image-5024 size-medium\" src=\"https:\/\/www.gunarashotel.hu\/wp-content\/uploads\/2021\/12\/sz2020logo-300x208.jpg\" alt=\"Meg\u00fajul\u00f3 energia haszn\u00e1lat\u00e1val megval\u00f3sul\u00f3 \u00e9p\u00fcletenergetikai fejleszt\u00e9s a T-GASZTRO Kft. Domb\u00f3v\u00e1r T\u00f3 utca 3. alatti fi\u00f3ktelep\u00e9n\" width=\"300\" height=\"208\" srcset=\"https:\/\/www.gunarashotel.hu\/wp-content\/uploads\/2021\/12\/sz2020logo-300x208.jpg 300w, https:\/\/www.gunarashotel.hu\/wp-content\/uploads\/2021\/12\/sz2020logo.jpg 554w\" sizes=\"(max-width: 300px) 100vw, 300px\" \/><\/p>\n<ul>\n<li><a href=\"https:\/\/www.gunarashotel.hu\/en\/palyazatok\/ginop-4-1-4-19-2021-03980\/\">GINOP-4.1.4-19-2021-03980<\/a><\/li>\n<li><a href=\"https:\/\/www.gunarashotel.hu\/en\/palyazatok\/ginop-4-1-4-19-2021-04063\/\">GINOP-4.1.4-19-2021-04063<\/a><\/li>\n<li><a href=\"https:\/\/www.gunarashotel.hu\/en\/palyazatok\/ginop-4-1-4-19-2020-01663\/\">GINOP-4.1.4-19-2020-01663<\/a><\/li>\n<li><a href=\"https:\/\/www.gunarashotel.hu\/en\/palyazatok\/ginop-4-1-4-19-2020-01224\/\">GINOP-4.1.4-19-2020-01224<\/a><\/li>\n<li><a href=\"https:\/\/www.gunarashotel.hu\/en\/palyazatok\/ginop-4-1-4-19-2020-03145\/\">GINOP-4.1.4-19-2020-03145<\/a><\/li>\n<\/ul>\n<p>&nbsp;<\/p>\n<div class=\"clear\"><\/div><div class=\"gdlr-space\" style=\"margin-top: 150px;\"><\/div>","protected":false},"excerpt":{"rendered":"<p>GINOP-4.1.4-19-2021-03980 GINOP-4.1.4-19-2021-04063 GINOP-4.1.4-19-2020-01663 GINOP-4.1.4-19-2020-01224 GINOP-4.1.4-19-2020-03145 &nbsp;<\/p>","protected":false},"author":2,"featured_media":0,"parent":0,"menu_order":0,"comment_status":"closed","ping_status":"closed","template":"","meta":{"inline_featured_image":false,"footnotes":""},"class_list":["post-5015","page","type-page","status-publish","hentry"],"yoast_head":"<!-- This site is optimized with the Yoast SEO plugin v27.2 - https:\/\/yoast.com\/product\/yoast-seo-wordpress\/ -->\n<title>P\u00e1ly\u00e1zatok - Hotel Eur\u00f3pa*** Gunaras<\/title>\n<meta name=\"robots\" content=\"index, follow, max-snippet:-1, max-image-preview:large, max-video-preview:-1\" \/>\n<link rel=\"canonical\" href=\"https:\/\/www.gunarashotel.hu\/en\/palyazatok\/\" \/>\n<meta property=\"og:locale\" content=\"en_GB\" \/>\n<meta property=\"og:type\" content=\"article\" \/>\n<meta property=\"og:title\" content=\"P\u00e1ly\u00e1zatok - Hotel Eur\u00f3pa*** Gunaras\" \/>\n<meta property=\"og:description\" content=\"GINOP-4.1.4-19-2021-03980 GINOP-4.1.4-19-2021-04063 GINOP-4.1.4-19-2020-01663 GINOP-4.1.4-19-2020-01224 GINOP-4.1.4-19-2020-03145 &nbsp;\" \/>\n<meta property=\"og:url\" content=\"https:\/\/www.gunarashotel.hu\/en\/palyazatok\/\" \/>\n<meta property=\"og:site_name\" content=\"Hotel Eur\u00f3pa*** Gunaras\" \/>\n<meta property=\"article:publisher\" content=\"https:\/\/www.facebook.com\/hotelgunaras\" \/>\n<meta property=\"article:modified_time\" content=\"2023-05-17T10:21:27+00:00\" \/>\n<meta property=\"og:image\" content=\"https:\/\/www.gunarashotel.hu\/wp-content\/uploads\/2021\/12\/sz2020logo-300x208.jpg\" \/>\n<meta name=\"twitter:card\" content=\"summary_large_image\" \/>\n<meta name=\"twitter:label1\" content=\"Estimated reading time\" \/>\n\t<meta name=\"twitter:data1\" content=\"1 minute\" \/>\n<script type=\"application\/ld+json\" class=\"yoast-schema-graph\">{\"@context\":\"https:\/\/schema.org\",\"@graph\":[{\"@type\":\"WebPage\",\"@id\":\"https:\/\/www.gunarashotel.hu\/palyazatok\/\",\"url\":\"https:\/\/www.gunarashotel.hu\/palyazatok\/\",\"name\":\"P\u00e1ly\u00e1zatok - Hotel Eur\u00f3pa*** Gunaras\",\"isPartOf\":{\"@id\":\"https:\/\/www.gunarashotel.hu\/#website\"},\"primaryImageOfPage\":{\"@id\":\"https:\/\/www.gunarashotel.hu\/palyazatok\/#primaryimage\"},\"image\":{\"@id\":\"https:\/\/www.gunarashotel.hu\/palyazatok\/#primaryimage\"},\"thumbnailUrl\":\"https:\/\/www.gunarashotel.hu\/wp-content\/uploads\/2021\/12\/sz2020logo-300x208.jpg\",\"datePublished\":\"2021-12-21T01:54:36+00:00\",\"dateModified\":\"2023-05-17T10:21:27+00:00\",\"breadcrumb\":{\"@id\":\"https:\/\/www.gunarashotel.hu\/palyazatok\/#breadcrumb\"},\"inLanguage\":\"en-GB\",\"potentialAction\":[{\"@type\":\"ReadAction\",\"target\":[\"https:\/\/www.gunarashotel.hu\/palyazatok\/\"]}]},{\"@type\":\"ImageObject\",\"inLanguage\":\"en-GB\",\"@id\":\"https:\/\/www.gunarashotel.hu\/palyazatok\/#primaryimage\",\"url\":\"https:\/\/www.gunarashotel.hu\/wp-content\/uploads\/2021\/12\/sz2020logo-300x208.jpg\",\"contentUrl\":\"https:\/\/www.gunarashotel.hu\/wp-content\/uploads\/2021\/12\/sz2020logo-300x208.jpg\"},{\"@type\":\"BreadcrumbList\",\"@id\":\"https:\/\/www.gunarashotel.hu\/palyazatok\/#breadcrumb\",\"itemListElement\":[{\"@type\":\"ListItem\",\"position\":1,\"name\":\"Home\",\"item\":\"https:\/\/www.gunarashotel.hu\/\"},{\"@type\":\"ListItem\",\"position\":2,\"name\":\"P\u00e1ly\u00e1zatok\"}]},{\"@type\":\"WebSite\",\"@id\":\"https:\/\/www.gunarashotel.hu\/#website\",\"url\":\"https:\/\/www.gunarashotel.hu\/\",\"name\":\"Hotel Eur\u00f3pa*** Gunaras\",\"description\":\"pihen\u00e9s kedvez\u0151 \u00e1ron Domb\u00f3v\u00e1r-Gunaras gy\u00f3gyf\u00fcrd\u0151 mellett\",\"publisher\":{\"@id\":\"https:\/\/www.gunarashotel.hu\/#organization\"},\"potentialAction\":[{\"@type\":\"SearchAction\",\"target\":{\"@type\":\"EntryPoint\",\"urlTemplate\":\"https:\/\/www.gunarashotel.hu\/?s={search_term_string}\"},\"query-input\":{\"@type\":\"PropertyValueSpecification\",\"valueRequired\":true,\"valueName\":\"search_term_string\"}}],\"inLanguage\":\"en-GB\"},{\"@type\":\"Organization\",\"@id\":\"https:\/\/www.gunarashotel.hu\/#organization\",\"name\":\"Hotel Eur\u00f3pa*** Gunaras\",\"url\":\"https:\/\/www.gunarashotel.hu\/\",\"logo\":{\"@type\":\"ImageObject\",\"inLanguage\":\"en-GB\",\"@id\":\"https:\/\/www.gunarashotel.hu\/#\/schema\/logo\/image\/\",\"url\":\"https:\/\/www.gunarashotel.hu\/wp-content\/uploads\/2019\/10\/hotel-europa-logo.svg\",\"contentUrl\":\"https:\/\/www.gunarashotel.hu\/wp-content\/uploads\/2019\/10\/hotel-europa-logo.svg\",\"width\":1,\"height\":1,\"caption\":\"Hotel Eur\u00f3pa*** Gunaras\"},\"image\":{\"@id\":\"https:\/\/www.gunarashotel.hu\/#\/schema\/logo\/image\/\"},\"sameAs\":[\"https:\/\/www.facebook.com\/hotelgunaras\"]}]}<\/script>\n<!-- \/ Yoast SEO plugin. -->","yoast_head_json":{"title":"P\u00e1ly\u00e1zatok - Hotel Eur\u00f3pa*** Gunaras","robots":{"index":"index","follow":"follow","max-snippet":"max-snippet:-1","max-image-preview":"max-image-preview:large","max-video-preview":"max-video-preview:-1"},"canonical":"https:\/\/www.gunarashotel.hu\/en\/palyazatok\/","og_locale":"en_GB","og_type":"article","og_title":"P\u00e1ly\u00e1zatok - Hotel Eur\u00f3pa*** Gunaras","og_description":"GINOP-4.1.4-19-2021-03980 GINOP-4.1.4-19-2021-04063 GINOP-4.1.4-19-2020-01663 GINOP-4.1.4-19-2020-01224 GINOP-4.1.4-19-2020-03145 &nbsp;","og_url":"https:\/\/www.gunarashotel.hu\/en\/palyazatok\/","og_site_name":"Hotel Eur\u00f3pa*** Gunaras","article_publisher":"https:\/\/www.facebook.com\/hotelgunaras","article_modified_time":"2023-05-17T10:21:27+00:00","og_image":[{"url":"https:\/\/www.gunarashotel.hu\/wp-content\/uploads\/2021\/12\/sz2020logo-300x208.jpg","type":"","width":"","height":""}],"twitter_card":"summary_large_image","twitter_misc":{"Estimated reading time":"1 minute"},"schema":{"@context":"https:\/\/schema.org","@graph":[{"@type":"WebPage","@id":"https:\/\/www.gunarashotel.hu\/palyazatok\/","url":"https:\/\/www.gunarashotel.hu\/palyazatok\/","name":"P\u00e1ly\u00e1zatok - Hotel Eur\u00f3pa*** Gunaras","isPartOf":{"@id":"https:\/\/www.gunarashotel.hu\/#website"},"primaryImageOfPage":{"@id":"https:\/\/www.gunarashotel.hu\/palyazatok\/#primaryimage"},"image":{"@id":"https:\/\/www.gunarashotel.hu\/palyazatok\/#primaryimage"},"thumbnailUrl":"https:\/\/www.gunarashotel.hu\/wp-content\/uploads\/2021\/12\/sz2020logo-300x208.jpg","datePublished":"2021-12-21T01:54:36+00:00","dateModified":"2023-05-17T10:21:27+00:00","breadcrumb":{"@id":"https:\/\/www.gunarashotel.hu\/palyazatok\/#breadcrumb"},"inLanguage":"en-GB","potentialAction":[{"@type":"ReadAction","target":["https:\/\/www.gunarashotel.hu\/palyazatok\/"]}]},{"@type":"ImageObject","inLanguage":"en-GB","@id":"https:\/\/www.gunarashotel.hu\/palyazatok\/#primaryimage","url":"https:\/\/www.gunarashotel.hu\/wp-content\/uploads\/2021\/12\/sz2020logo-300x208.jpg","contentUrl":"https:\/\/www.gunarashotel.hu\/wp-content\/uploads\/2021\/12\/sz2020logo-300x208.jpg"},{"@type":"BreadcrumbList","@id":"https:\/\/www.gunarashotel.hu\/palyazatok\/#breadcrumb","itemListElement":[{"@type":"ListItem","position":1,"name":"Home","item":"https:\/\/www.gunarashotel.hu\/"},{"@type":"ListItem","position":2,"name":"P\u00e1ly\u00e1zatok"}]},{"@type":"WebSite","@id":"https:\/\/www.gunarashotel.hu\/#website","url":"https:\/\/www.gunarashotel.hu\/","name":"Hotel Eur\u00f3pa*** Gunaras","description":"pihen\u00e9s kedvez\u0151 \u00e1ron Domb\u00f3v\u00e1r-Gunaras gy\u00f3gyf\u00fcrd\u0151 mellett","publisher":{"@id":"https:\/\/www.gunarashotel.hu\/#organization"},"potentialAction":[{"@type":"SearchAction","target":{"@type":"EntryPoint","urlTemplate":"https:\/\/www.gunarashotel.hu\/?s={search_term_string}"},"query-input":{"@type":"PropertyValueSpecification","valueRequired":true,"valueName":"search_term_string"}}],"inLanguage":"en-GB"},{"@type":"Organization","@id":"https:\/\/www.gunarashotel.hu\/#organization","name":"Hotel Eur\u00f3pa*** Gunaras","url":"https:\/\/www.gunarashotel.hu\/","logo":{"@type":"ImageObject","inLanguage":"en-GB","@id":"https:\/\/www.gunarashotel.hu\/#\/schema\/logo\/image\/","url":"https:\/\/www.gunarashotel.hu\/wp-content\/uploads\/2019\/10\/hotel-europa-logo.svg","contentUrl":"https:\/\/www.gunarashotel.hu\/wp-content\/uploads\/2019\/10\/hotel-europa-logo.svg","width":1,"height":1,"caption":"Hotel Eur\u00f3pa*** Gunaras"},"image":{"@id":"https:\/\/www.gunarashotel.hu\/#\/schema\/logo\/image\/"},"sameAs":["https:\/\/www.facebook.com\/hotelgunaras"]}]}},"_links":{"self":[{"href":"https:\/\/www.gunarashotel.hu\/en\/wp-json\/wp\/v2\/pages\/5015","targetHints":{"allow":["GET"]}}],"collection":[{"href":"https:\/\/www.gunarashotel.hu\/en\/wp-json\/wp\/v2\/pages"}],"about":[{"href":"https:\/\/www.gunarashotel.hu\/en\/wp-json\/wp\/v2\/types\/page"}],"author":[{"embeddable":true,"href":"https:\/\/www.gunarashotel.hu\/en\/wp-json\/wp\/v2\/users\/2"}],"replies":[{"embeddable":true,"href":"https:\/\/www.gunarashotel.hu\/en\/wp-json\/wp\/v2\/comments?post=5015"}],"version-history":[{"count":11,"href":"https:\/\/www.gunarashotel.hu\/en\/wp-json\/wp\/v2\/pages\/5015\/revisions"}],"predecessor-version":[{"id":5302,"href":"https:\/\/www.gunarashotel.hu\/en\/wp-json\/wp\/v2\/pages\/5015\/revisions\/5302"}],"wp:attachment":[{"href":"https:\/\/www.gunarashotel.hu\/en\/wp-json\/wp\/v2\/media?parent=5015"}],"curies":[{"name":"wp","href":"https:\/\/api.w.org\/{rel}","templated":true}]}}